{"id":4546,"date":"2018-12-12T16:22:58","date_gmt":"2018-12-12T16:22:58","guid":{"rendered":"https:\/\/vrensted-historier.dk\/?page_id=4546"},"modified":"2024-09-12T21:13:24","modified_gmt":"2024-09-12T19:13:24","slug":"ane-maries-huss-historie","status":"publish","type":"page","link":"https:\/\/vrensted-historier.dk\/?page_id=4546","title":{"rendered":"Ane Maries Hus-historier om"},"content":{"rendered":"<h3 style=\"text-align: center;\">Ane Maries Hus &#8211;\u00a0opf\u00f8rt i 1914<\/h3>\n<figure id=\"attachment_33646\" aria-describedby=\"caption-attachment-33646\" style=\"width: 423px\" class=\"wp-caption aligncenter\"><img loading=\"lazy\" decoding=\"async\" class=\"wp-image-33646 \" src=\"https:\/\/vrensted-historier.dk\/wp-content\/uploads\/2021\/01\/0AECCA01-0C37-4872-A604-859823D2C7C9-600x410.jpeg\" alt=\"\" width=\"423\" height=\"289\" srcset=\"https:\/\/vrensted-historier.dk\/wp-content\/uploads\/2021\/01\/0AECCA01-0C37-4872-A604-859823D2C7C9-600x410.jpeg 600w, https:\/\/vrensted-historier.dk\/wp-content\/uploads\/2021\/01\/0AECCA01-0C37-4872-A604-859823D2C7C9-1500x1025.jpeg 1500w, https:\/\/vrensted-historier.dk\/wp-content\/uploads\/2021\/01\/0AECCA01-0C37-4872-A604-859823D2C7C9-300x205.jpeg 300w, https:\/\/vrensted-historier.dk\/wp-content\/uploads\/2021\/01\/0AECCA01-0C37-4872-A604-859823D2C7C9-768x525.jpeg 768w, https:\/\/vrensted-historier.dk\/wp-content\/uploads\/2021\/01\/0AECCA01-0C37-4872-A604-859823D2C7C9-1200x820.jpeg 1200w, https:\/\/vrensted-historier.dk\/wp-content\/uploads\/2021\/01\/0AECCA01-0C37-4872-A604-859823D2C7C9.jpeg 1520w\" sizes=\"auto, (max-width: 423px) 85vw, 423px\" \/><figcaption id=\"caption-attachment-33646\" class=\"wp-caption-text\"><strong>Ane Maries Hus opf\u00f8rt af Sagf\u00f8rer Anders Olesen (barnef\u00f8dt i Vrensted) til minde om sin mor.<\/strong><\/figcaption><\/figure>\n<ul>\n<li><\/li>\n<li><a href=\"https:\/\/vrensted-historier.dk\/stiftelsen-ane-maries-hus-vrensted\/jensotto\/\">Stiftelsen Ane Maries Hus, Vrensted<\/a><\/li>\n<li><a href=\"https:\/\/vrensted-historier.dk\/ane-maries-hus-anno-1914-er-et-bevaringsvaerdigt-hus-i-landsbyen-vrensted-taet-paa-loekken-og-boerglum-kloster\/jensotto\/\">Ane Maries Hus (anno 1914) er et bevaringsv\u00e6rdigt hus i landsbyen Vrensted, t\u00e6t p\u00e5 L\u00f8kken og B\u00f8rglum Kloster.<\/a><\/li>\n<li><a href=\"https:\/\/vrensted-historier.dk\/ane-maries-hus-sct-thoegersvej-10-vrensted\/\">Ane Maries Hus<\/a><\/li>\n<li><a href=\"https:\/\/vrensted-historier.dk\/et-tilflugtssted-for-gamle-og-ensomme\/\">Ane Maries Hus &#8211; et tilflugtssted for gamle<\/a><\/li>\n<li><a href=\"https:\/\/vrensted-historier.dk\/ane-maries-hus-og-andre-ejendomme-i-vrensted-og-vodskov\/\">Ane Maries Hus og andre ejendomme i Vrensted og Vodskov<\/a><\/li>\n<li><a href=\"https:\/\/vrensted-historier.dk\/?p=4535&amp;preview=true\">Ane Maries Hus &#8211; overtages af Kommunen i 1983<\/a><\/li>\n<li><a href=\"https:\/\/vrensted-historier.dk\/boernehaven-i-ane-maries-hus-i-1992\/jensotto\/\">B\u00f8rnehaven i Ane Maries Hus i 1992<\/a><\/li>\n<li><a href=\"https:\/\/vrensted-historier.dk\/?p=4530&amp;preview=true\">Ane Maries Hus &#8211; Bornholmeruret<\/a><\/li>\n<li><a href=\"https:\/\/vrensted-historier.dk\/jubilaeumsskriftet-om-stiftelsen-ane-maries-hus\/\">Ane Maries Hus &#8211; jubil\u00e6ums skrift 100 \u00e5r i 2014<\/a><\/li>\n<li><a href=\"https:\/\/vrensted-historier.dk\/ane-maries-hus-er-blevet-tildelt-status-som-en-bevaringsvaerdig-bygning\/\">Ane Maries Hus &#8211; bevaringsv\u00e6rdigt<\/a><\/li>\n<li><a href=\"https:\/\/vrensted-historier.dk\/ane-maries-hus-som-kulturarvs-og-oplevelsescenter\/\">Ane Maries Hus &#8211; som kulturarvs oplevelsescenter<\/a><\/li>\n<li><a href=\"https:\/\/vrensted-historier.dk\/projekt-ane-maries-hus-i-vrensted\/\">Projekt Ane Maries Hus<\/a><\/li>\n<\/ul>\n<p style=\"text-align: center;\"><img loading=\"lazy\" decoding=\"async\" class=\"wp-image-30104 alignleft\" src=\"https:\/\/vrensted-historier.dk\/wp-content\/uploads\/2020\/09\/4A78B7CA-1A43-44E7-B798-42F6B6562C44-600x390.jpeg\" alt=\"\" width=\"429\" height=\"279\" srcset=\"https:\/\/vrensted-historier.dk\/wp-content\/uploads\/2020\/09\/4A78B7CA-1A43-44E7-B798-42F6B6562C44-600x390.jpeg 600w, https:\/\/vrensted-historier.dk\/wp-content\/uploads\/2020\/09\/4A78B7CA-1A43-44E7-B798-42F6B6562C44-1500x975.jpeg 1500w, https:\/\/vrensted-historier.dk\/wp-content\/uploads\/2020\/09\/4A78B7CA-1A43-44E7-B798-42F6B6562C44-300x195.jpeg 300w, https:\/\/vrensted-historier.dk\/wp-content\/uploads\/2020\/09\/4A78B7CA-1A43-44E7-B798-42F6B6562C44-768x499.jpeg 768w, https:\/\/vrensted-historier.dk\/wp-content\/uploads\/2020\/09\/4A78B7CA-1A43-44E7-B798-42F6B6562C44-1536x998.jpeg 1536w, https:\/\/vrensted-historier.dk\/wp-content\/uploads\/2020\/09\/4A78B7CA-1A43-44E7-B798-42F6B6562C44-1200x780.jpeg 1200w, https:\/\/vrensted-historier.dk\/wp-content\/uploads\/2020\/09\/4A78B7CA-1A43-44E7-B798-42F6B6562C44.jpeg 1788w\" sizes=\"auto, (max-width: 429px) 85vw, 429px\" \/><\/p>\n<figure id=\"attachment_39753\" aria-describedby=\"caption-attachment-39753\" style=\"width: 454px\" class=\"wp-caption aligncenter\"><img loading=\"lazy\" decoding=\"async\" class=\"wp-image-39753 size-medium\" src=\"https:\/\/vrensted-historier.dk\/wp-content\/uploads\/2022\/09\/4B7A62DA-85D6-4878-9096-9946E27E1E9A-454x600.jpeg\" alt=\"\" width=\"454\" height=\"600\" srcset=\"https:\/\/vrensted-historier.dk\/wp-content\/uploads\/2022\/09\/4B7A62DA-85D6-4878-9096-9946E27E1E9A-454x600.jpeg 454w, https:\/\/vrensted-historier.dk\/wp-content\/uploads\/2022\/09\/4B7A62DA-85D6-4878-9096-9946E27E1E9A-1134x1500.jpeg 1134w, https:\/\/vrensted-historier.dk\/wp-content\/uploads\/2022\/09\/4B7A62DA-85D6-4878-9096-9946E27E1E9A-227x300.jpeg 227w, https:\/\/vrensted-historier.dk\/wp-content\/uploads\/2022\/09\/4B7A62DA-85D6-4878-9096-9946E27E1E9A-768x1015.jpeg 768w, https:\/\/vrensted-historier.dk\/wp-content\/uploads\/2022\/09\/4B7A62DA-85D6-4878-9096-9946E27E1E9A-1162x1536.jpeg 1162w, https:\/\/vrensted-historier.dk\/wp-content\/uploads\/2022\/09\/4B7A62DA-85D6-4878-9096-9946E27E1E9A-1549x2048.jpeg 1549w, https:\/\/vrensted-historier.dk\/wp-content\/uploads\/2022\/09\/4B7A62DA-85D6-4878-9096-9946E27E1E9A-1200x1587.jpeg 1200w, https:\/\/vrensted-historier.dk\/wp-content\/uploads\/2022\/09\/4B7A62DA-85D6-4878-9096-9946E27E1E9A.jpeg 1682w\" sizes=\"auto, (max-width: 454px) 85vw, 454px\" \/><figcaption id=\"caption-attachment-39753\" class=\"wp-caption-text\">Sagf\u00f8rer Anders Olesen, f\u00f8dt p\u00e5 H\u00f8ngaard i Vrensted opf\u00f8rte Ane Maries Hus til minde om sin mor<\/figcaption><\/figure>\n<p><img loading=\"lazy\" decoding=\"async\" class=\"wp-image-4115 alignright\" src=\"https:\/\/vrensted-historier.dk\/wp-content\/uploads\/2018\/11\/IMG_2591-1024x768.png\" alt=\"\" width=\"436\" height=\"327\" srcset=\"https:\/\/vrensted-historier.dk\/wp-content\/uploads\/2018\/11\/IMG_2591-1024x768.png 1024w, https:\/\/vrensted-historier.dk\/wp-content\/uploads\/2018\/11\/IMG_2591-300x225.png 300w, https:\/\/vrensted-historier.dk\/wp-content\/uploads\/2018\/11\/IMG_2591-768x576.png 768w, https:\/\/vrensted-historier.dk\/wp-content\/uploads\/2018\/11\/IMG_2591.png 2048w\" sizes=\"auto, (max-width: 436px) 85vw, 436px\" \/><\/p>\n<p><img loading=\"lazy\" decoding=\"async\" class=\"wp-image-30092 aligncenter\" src=\"https:\/\/vrensted-historier.dk\/wp-content\/uploads\/2020\/09\/88A83B55-627B-46FC-8776-02B7E2CAC3B3-600x392.jpeg\" alt=\"\" width=\"436\" height=\"285\" srcset=\"https:\/\/vrensted-historier.dk\/wp-content\/uploads\/2020\/09\/88A83B55-627B-46FC-8776-02B7E2CAC3B3-600x392.jpeg 600w, https:\/\/vrensted-historier.dk\/wp-content\/uploads\/2020\/09\/88A83B55-627B-46FC-8776-02B7E2CAC3B3-1500x980.jpeg 1500w, https:\/\/vrensted-historier.dk\/wp-content\/uploads\/2020\/09\/88A83B55-627B-46FC-8776-02B7E2CAC3B3-300x196.jpeg 300w, https:\/\/vrensted-historier.dk\/wp-content\/uploads\/2020\/09\/88A83B55-627B-46FC-8776-02B7E2CAC3B3-768x502.jpeg 768w, https:\/\/vrensted-historier.dk\/wp-content\/uploads\/2020\/09\/88A83B55-627B-46FC-8776-02B7E2CAC3B3-1536x1004.jpeg 1536w, https:\/\/vrensted-historier.dk\/wp-content\/uploads\/2020\/09\/88A83B55-627B-46FC-8776-02B7E2CAC3B3-1200x784.jpeg 1200w, https:\/\/vrensted-historier.dk\/wp-content\/uploads\/2020\/09\/88A83B55-627B-46FC-8776-02B7E2CAC3B3.jpeg 1795w\" sizes=\"auto, (max-width: 436px) 85vw, 436px\" \/><\/p>\n<p><img loading=\"lazy\" decoding=\"async\" class=\"wp-image-30093 alignright\" src=\"https:\/\/vrensted-historier.dk\/wp-content\/uploads\/2020\/09\/9D1D7A7E-6956-4C18-9812-F25139876407-600x401.jpeg\" alt=\"\" width=\"436\" height=\"291\" srcset=\"https:\/\/vrensted-historier.dk\/wp-content\/uploads\/2020\/09\/9D1D7A7E-6956-4C18-9812-F25139876407-600x401.jpeg 600w, https:\/\/vrensted-historier.dk\/wp-content\/uploads\/2020\/09\/9D1D7A7E-6956-4C18-9812-F25139876407-1500x1002.jpeg 1500w, https:\/\/vrensted-historier.dk\/wp-content\/uploads\/2020\/09\/9D1D7A7E-6956-4C18-9812-F25139876407-300x200.jpeg 300w, https:\/\/vrensted-historier.dk\/wp-content\/uploads\/2020\/09\/9D1D7A7E-6956-4C18-9812-F25139876407-768x513.jpeg 768w, https:\/\/vrensted-historier.dk\/wp-content\/uploads\/2020\/09\/9D1D7A7E-6956-4C18-9812-F25139876407-1536x1026.jpeg 1536w, https:\/\/vrensted-historier.dk\/wp-content\/uploads\/2020\/09\/9D1D7A7E-6956-4C18-9812-F25139876407-1200x802.jpeg 1200w, https:\/\/vrensted-historier.dk\/wp-content\/uploads\/2020\/09\/9D1D7A7E-6956-4C18-9812-F25139876407.jpeg 1756w\" sizes=\"auto, (max-width: 436px) 85vw, 436px\" \/><\/p>\n<figure id=\"attachment_39751\" aria-describedby=\"caption-attachment-39751\" style=\"width: 432px\" class=\"wp-caption aligncenter\"><img loading=\"lazy\" decoding=\"async\" class=\"wp-image-39751 \" src=\"https:\/\/vrensted-historier.dk\/wp-content\/uploads\/2022\/09\/EC6E0417-E1C6-4046-9760-D6E457B0A63F-600x490.jpeg\" alt=\"\" width=\"432\" height=\"353\" srcset=\"https:\/\/vrensted-historier.dk\/wp-content\/uploads\/2022\/09\/EC6E0417-E1C6-4046-9760-D6E457B0A63F-600x490.jpeg 600w, https:\/\/vrensted-historier.dk\/wp-content\/uploads\/2022\/09\/EC6E0417-E1C6-4046-9760-D6E457B0A63F-1500x1226.jpeg 1500w, https:\/\/vrensted-historier.dk\/wp-content\/uploads\/2022\/09\/EC6E0417-E1C6-4046-9760-D6E457B0A63F-300x245.jpeg 300w, https:\/\/vrensted-historier.dk\/wp-content\/uploads\/2022\/09\/EC6E0417-E1C6-4046-9760-D6E457B0A63F-768x628.jpeg 768w, https:\/\/vrensted-historier.dk\/wp-content\/uploads\/2022\/09\/EC6E0417-E1C6-4046-9760-D6E457B0A63F-1536x1256.jpeg 1536w, https:\/\/vrensted-historier.dk\/wp-content\/uploads\/2022\/09\/EC6E0417-E1C6-4046-9760-D6E457B0A63F-2048x1674.jpeg 2048w, https:\/\/vrensted-historier.dk\/wp-content\/uploads\/2022\/09\/EC6E0417-E1C6-4046-9760-D6E457B0A63F-1200x981.jpeg 1200w\" sizes=\"auto, (max-width: 432px) 85vw, 432px\" \/><figcaption id=\"caption-attachment-39751\" class=\"wp-caption-text\">Foto ca. 1914<\/figcaption><\/figure>\n","protected":false},"excerpt":{"rendered":"<p>Ane Maries Hus &#8211;\u00a0opf\u00f8rt i 1914 Stiftelsen Ane Maries Hus, Vrensted Ane Maries Hus (anno 1914) er et bevaringsv\u00e6rdigt hus i landsbyen Vrensted, t\u00e6t p\u00e5 L\u00f8kken og B\u00f8rglum Kloster. Ane Maries Hus Ane Maries Hus &#8211; et tilflugtssted for gamle Ane Maries Hus og andre ejendomme i Vrensted og Vodskov Ane Maries Hus &#8211; overtages &hellip; <a href=\"https:\/\/vrensted-historier.dk\/?page_id=4546\" class=\"more-link\">L\u00e6s videre<span class=\"screen-reader-text\"> &#8220;Ane Maries Hus-historier om&#8221;<\/span><\/a><\/p>\n","protected":false},"author":1,"featured_media":0,"parent":0,"menu_order":0,"comment_status":"closed","ping_status":"closed","template":"","meta":{"footnotes":""},"class_list":["post-4546","page","type-page","status-publish","hentry"],"_links":{"self":[{"href":"https:\/\/vrensted-historier.dk\/index.php?rest_route=\/wp\/v2\/pages\/4546","targetHints":{"allow":["GET"]}}],"collection":[{"href":"https:\/\/vrensted-historier.dk\/index.php?rest_route=\/wp\/v2\/pages"}],"about":[{"href":"https:\/\/vrensted-historier.dk\/index.php?rest_route=\/wp\/v2\/types\/page"}],"author":[{"embeddable":true,"href":"https:\/\/vrensted-historier.dk\/index.php?rest_route=\/wp\/v2\/users\/1"}],"replies":[{"embeddable":true,"href":"https:\/\/vrensted-historier.dk\/index.php?rest_route=%2Fwp%2Fv2%2Fcomments&post=4546"}],"version-history":[{"count":15,"href":"https:\/\/vrensted-historier.dk\/index.php?rest_route=\/wp\/v2\/pages\/4546\/revisions"}],"predecessor-version":[{"id":45838,"href":"https:\/\/vrensted-historier.dk\/index.php?rest_route=\/wp\/v2\/pages\/4546\/revisions\/45838"}],"wp:attachment":[{"href":"https:\/\/vrensted-historier.dk\/index.php?rest_route=%2Fwp%2Fv2%2Fmedia&parent=4546"}],"curies":[{"name":"wp","href":"https:\/\/api.w.org\/{rel}","templated":true}]}}