{"id":27897,"date":"2020-05-10T10:56:05","date_gmt":"2020-05-10T08:56:05","guid":{"rendered":"https:\/\/vrensted-historier.dk\/?page_id=27897"},"modified":"2023-02-28T08:38:26","modified_gmt":"2023-02-28T07:38:26","slug":"vrensted-sogns-administration-sogneraadsformand-sognefoged-kaemner","status":"publish","type":"page","link":"https:\/\/vrensted-historier.dk\/?page_id=27897","title":{"rendered":"K\u00e6mner, Sogner\u00e5d, Sognefoged"},"content":{"rendered":"<p>Klik p\u00e5 link:<\/p>\n<ul>\n<li><a href=\"https:\/\/vrensted-historier.dk\/sogneraadsformaend-i-vrensted-thise-kommune\/\">Sogner\u00e5dsform\u00e6nd i Vrensted-Thise Kommune<\/a><\/li>\n<li><a href=\"https:\/\/vrensted-historier.dk\/vrensted-thise-kommune-kommunekontoret-og-de-to-kaemnere\/\">De to K\u00e6mnere i Vrensted-Thise Kommune<\/a><\/li>\n<li><a href=\"https:\/\/vrensted-historier.dk\/sognefogeder-i-vrensted-sogn\/\">Sognefogeder i Vrensted Sogn<\/a><\/li>\n<\/ul>\n","protected":false},"excerpt":{"rendered":"<p>Klik p\u00e5 link: Sogner\u00e5dsform\u00e6nd i Vrensted-Thise Kommune De to K\u00e6mnere i Vrensted-Thise Kommune Sognefogeder i Vrensted Sogn<\/p>\n","protected":false},"author":1,"featured_media":0,"parent":0,"menu_order":0,"comment_status":"closed","ping_status":"closed","template":"","meta":{"footnotes":""},"class_list":["post-27897","page","type-page","status-publish","hentry"],"_links":{"self":[{"href":"https:\/\/vrensted-historier.dk\/index.php?rest_route=\/wp\/v2\/pages\/27897","targetHints":{"allow":["GET"]}}],"collection":[{"href":"https:\/\/vrensted-historier.dk\/index.php?rest_route=\/wp\/v2\/pages"}],"about":[{"href":"https:\/\/vrensted-historier.dk\/index.php?rest_route=\/wp\/v2\/types\/page"}],"author":[{"embeddable":true,"href":"https:\/\/vrensted-historier.dk\/index.php?rest_route=\/wp\/v2\/users\/1"}],"replies":[{"embeddable":true,"href":"https:\/\/vrensted-historier.dk\/index.php?rest_route=%2Fwp%2Fv2%2Fcomments&post=27897"}],"version-history":[{"count":13,"href":"https:\/\/vrensted-historier.dk\/index.php?rest_route=\/wp\/v2\/pages\/27897\/revisions"}],"predecessor-version":[{"id":42431,"href":"https:\/\/vrensted-historier.dk\/index.php?rest_route=\/wp\/v2\/pages\/27897\/revisions\/42431"}],"wp:attachment":[{"href":"https:\/\/vrensted-historier.dk\/index.php?rest_route=%2Fwp%2Fv2%2Fmedia&parent=27897"}],"curies":[{"name":"wp","href":"https:\/\/api.w.org\/{rel}","templated":true}]}}