{"id":2058,"date":"2018-08-30T10:59:19","date_gmt":"2018-08-30T10:59:19","guid":{"rendered":"https:\/\/vrensted-historier.dk\/?page_id=2058"},"modified":"2023-02-28T08:34:23","modified_gmt":"2023-02-28T07:34:23","slug":"gaarde-og-husmandsbrug-i-vrensted","status":"publish","type":"page","link":"https:\/\/vrensted-historier.dk\/?page_id=2058","title":{"rendered":"G\u00e5rde og Husmandsbrug"},"content":{"rendered":"<ol>\r\n<li>\r\n<h6><em><span style=\"color: #000000;\"><strong>\u00a0Klik p\u00e5 den ejendom du vil l\u00e6se <\/strong><\/span><\/em><em><span style=\"color: #000000;\"><strong>om.<\/strong><\/span><\/em><\/h6>\r\n<\/li>\r\n<li>\r\n<h6><strong><em>Her er en oversigt over ejendomme hvorfra der har v\u00e6ret drevet landbrug<\/em><\/strong><\/h6>\r\n<\/li>\r\n<\/ol>\r\n<ul>\r\n<li><strong><a href=\"https:\/\/vrensted-historier.dk\/?p=969\">Om Vrensteds g\u00e5rde fort\u00e6lles<\/a><\/strong><\/li>\r\n<li>\u00a0<\/li>\r\n<li><strong><a href=\"https:\/\/vrensted-historier.dk\/?p=69\">B\u00f8rglum Kloster<\/a><\/strong><\/li>\r\n<li><strong><a href=\"https:\/\/vrensted-historier.dk\/hartkorn-landgilde-en-beregnings-metode-for-boendernes-afgifter-til-godserne\/\">Hartkorn \u2013 Landgilde \u2013 en beregnings metode for b\u00f8ndernes afgifter til Godserne<\/a><\/strong><\/li>\r\n<li><strong><a href=\"https:\/\/vrensted-historier.dk\/vrensted-andelsmejeri-lykkens-proeve-2\/\">Vrensted Andelsmejeri &#8220;Lykkens Pr\u00f8ve<\/a><\/strong><\/li>\r\n<li>\u00a0<\/li>\r\n<li><strong><a href=\"https:\/\/vrensted-historier.dk\/?p=1158\">Pilg\u00e5rdsvej 21, Aagaard<\/a><\/strong><\/li>\r\n<li><strong><a href=\"https:\/\/vrensted-historier.dk\/?p=1007\">A.C. Andersens Vej 30, Vrensted<\/a><\/strong><\/li>\r\n<li><strong><a href=\"https:\/\/vrensted-historier.dk\/?p=1156\">Anesminde, Vingevej 17<\/a><\/strong><\/li>\r\n<li><strong><a href=\"https:\/\/vrensted-historier.dk\/?p=992\">B\u00e5dstedhedevej 86, Vrensted<\/a><\/strong><\/li>\r\n<li><strong><a href=\"https:\/\/vrensted-historier.dk\/?p=1005\">B\u00e5dstedhedevej 147, Vrensted<\/a><\/strong><\/li>\r\n<li><strong><a href=\"https:\/\/vrensted-historier.dk\/?p=1003\">B\u00e5dstedhedevej 171, Vrensted<\/a><\/strong><\/li>\r\n<li><strong><a href=\"https:\/\/vrensted-historier.dk\/?p=1001\">B\u00e5dstedhedevej 176, Vrensted<\/a><\/strong><\/li>\r\n<li><strong><a href=\"https:\/\/vrensted-historier.dk\/?p=999\">B\u00e5dstedhedevej 179, Vrensted<\/a><\/strong><\/li>\r\n<li><strong><a href=\"https:\/\/vrensted-historier.dk\/?p=994\">B\u00e5dstedhedevej 199, Vrensted<\/a><\/strong><\/li>\r\n<li><strong><a href=\"https:\/\/vrensted-historier.dk\/?p=1154\">Bagterp, Vrenstedvej 287<\/a><\/strong><\/li>\r\n<li><strong><a href=\"https:\/\/vrensted-historier.dk\/?p=1152\">B\u00e6kgaard, Vrenstedvej 415<\/a><\/strong><\/li>\r\n<li><strong><a href=\"https:\/\/vrensted-historier.dk\/?p=1150\">Birkedommergaarden<\/a><\/strong><\/li>\r\n<li><strong><a href=\"https:\/\/vrensted-historier.dk\/?p=1148\">Blomstergaarden, Aasendrupvej 71<\/a><\/strong><\/li>\r\n<li><strong><a href=\"https:\/\/vrensted-historier.dk\/?p=1146\">Bonnerupgaard, Br\u00f8nderslevvej 89<\/a><\/strong><\/li>\r\n<li><strong><a href=\"https:\/\/vrensted-historier.dk\/?p=1144\">Brusgaard, Rykindvej 13<\/a><\/strong><\/li>\r\n<li><strong><a href=\"https:\/\/vrensted-historier.dk\/?p=1142\">Drivsholm, Munkebrovej 76<\/a><\/strong><\/li>\r\n<li><strong><a href=\"https:\/\/vrensted-historier.dk\/?p=1140\">Pond Cottage, Munkebrovej 48<\/a><\/strong><\/li>\r\n<li><strong><a href=\"https:\/\/vrensted-historier.dk\/?p=1138\">Engen, Kongsengene 274<\/a><\/strong><\/li>\r\n<li><strong><a href=\"https:\/\/vrensted-historier.dk\/?p=1136\">Enggaarden, Pilg\u00e5rdsvej 104<\/a><\/strong><\/li>\r\n<li><strong><a href=\"https:\/\/vrensted-historier.dk\/?p=1134\">Eriksminde, Rykindvej 56<\/a><\/strong><\/li>\r\n<li><strong><a href=\"https:\/\/vrensted-historier.dk\/?p=1132\">Eriksminde, Pilg\u00e5rdsvej 216<\/a><\/strong><\/li>\r\n<li><strong><a href=\"https:\/\/vrensted-historier.dk\/?p=1128\">Grenegaarden, \u00c5sendrupvej 73<\/a><\/strong><\/li>\r\n<li><strong><a href=\"https:\/\/vrensted-historier.dk\/?p=1126\">Gr\u00f8nvang, Kongsengene 167<\/a><\/strong><\/li>\r\n<li><strong><a href=\"https:\/\/vrensted-historier.dk\/?p=1124\">Havgaard, Br\u00f8nderslevvej 191<\/a><\/strong><\/li>\r\n<li><strong><a href=\"https:\/\/vrensted-historier.dk\/?p=1122\">Havrevang, Pilg\u00e5rdsvej 124<\/a><\/strong><\/li>\r\n<li><strong><a href=\"https:\/\/vrensted-historier.dk\/?p=1120\">Hedegaard, Pilg\u00e5rdsvej 161<\/a><\/strong><\/li>\r\n<li><strong><a href=\"https:\/\/vrensted-historier.dk\/?p=1118\">Helledi, Kongsengene 20<\/a><\/strong><\/li>\r\n<li><strong><a href=\"https:\/\/vrensted-historier.dk\/?p=1116\">Holmen, B\u00e5dstedhedevej 87<\/a><\/strong><\/li>\r\n<li><strong><a href=\"https:\/\/vrensted-historier.dk\/?p=1113\">H\u00f8jgaard, Rykindvej 54<\/a><\/strong><\/li>\r\n<li><strong><a href=\"https:\/\/vrensted-historier.dk\/?p=1111\">H\u00f8ngaard, Pilg\u00e5rdsvej 71<\/a><\/strong><\/li>\r\n<li><strong><a href=\"https:\/\/vrensted-historier.dk\/?p=2230\">Hulgaard, Rykindvej 62<\/a><\/strong><\/li>\r\n<li><strong><a href=\"https:\/\/vrensted-historier.dk\/?p=990\">Hulbakvej 107, Vrensted<\/a><\/strong><\/li>\r\n<li><strong><a href=\"https:\/\/vrensted-historier.dk\/?p=988\">Ingstrupvej 20, Vrensted<\/a><\/strong><\/li>\r\n<li><strong><a href=\"https:\/\/vrensted-historier.dk\/?p=1107\">Kammagergaard se Bonnerupgaard<\/a><\/strong><\/li>\r\n<li><strong><a href=\"https:\/\/vrensted-historier.dk\/?p=1105\">K\u00e6rgaard, Vrenstedvej 380<\/a><\/strong><\/li>\r\n<li><strong><a href=\"https:\/\/vrensted-historier.dk\/?p=1103\">K\u00e6rgaard, Vrenstedvej 400<\/a><\/strong><\/li>\r\n<li><strong><a href=\"https:\/\/vrensted-historier.dk\/?p=1101\">K\u00e6rvang, Ingstrupvej 60<\/a><\/strong><\/li>\r\n<li><strong><a href=\"https:\/\/vrensted-historier.dk\/?p=1099\">Kirkemarken, A C Andersens Vej 33<\/a><\/strong><\/li>\r\n<li><strong><a href=\"https:\/\/vrensted-historier.dk\/?p=1097\">Kj\u00e6rsgaard, B\u00e5dstedhedevej 189<\/a><\/strong><\/li>\r\n<li><strong><a href=\"https:\/\/vrensted-historier.dk\/?p=1095\">Knudsgaard, Vrenstedvej 505A<\/a><\/strong><\/li>\r\n<li><strong><a href=\"https:\/\/vrensted-historier.dk\/?p=1093\">Kolbrolund, Kongsengene 132<\/a><\/strong><\/li>\r\n<li><strong><a href=\"https:\/\/vrensted-historier.dk\/?p=1091\">Kongsengene, Kongsengene 226<\/a><\/strong><\/li>\r\n<li><strong><a href=\"https:\/\/vrensted-historier.dk\/?p=984\">Kongsengene 205, Vrensted<\/a><\/strong><\/li>\r\n<li><strong><a href=\"https:\/\/vrensted-historier.dk\/?p=981\">Kongsengene 227, Vrensted<\/a><\/strong><\/li>\r\n<li><strong><a href=\"https:\/\/vrensted-historier.dk\/?p=979\">Kongsengene 264, Vrensted \u00d8stre Hede<\/a><\/strong><\/li>\r\n<li><strong><a href=\"https:\/\/vrensted-historier.dk\/?p=1089\">Kr\u00e6mmergaard, \u00c5sendrupvej 57<\/a><\/strong><\/li>\r\n<li><strong><a href=\"https:\/\/vrensted-historier.dk\/?p=1087\">Kroben<\/a><\/strong><\/li>\r\n<li><strong><a href=\"https:\/\/vrensted-historier.dk\/?p=1085\">Landlyst, Kongsengene 312, \u00d8stre Hede<\/a><\/strong><\/li>\r\n<li><strong><a href=\"https:\/\/vrensted-historier.dk\/?p=1083\">Langagergaard, Rykindvej 72<\/a><\/strong><\/li>\r\n<li><strong><a href=\"https:\/\/vrensted-historier.dk\/?p=1081\">Ledet, B\u00e5dstedhedevej 134<\/a><\/strong><\/li>\r\n<li><strong><a href=\"https:\/\/vrensted-historier.dk\/?p=1079\">Lergaard, B\u00e5dstedhedevej 168<\/a><\/strong><\/li>\r\n<li><strong><a href=\"https:\/\/vrensted-historier.dk\/?p=1077\">Libak, Kongsengene 98<\/a><\/strong><\/li>\r\n<li><strong><a href=\"https:\/\/vrensted-historier.dk\/?p=1075\">Lille Knudsgaard, B\u00e5dstedhedevej 15<\/a><\/strong><\/li>\r\n<li><strong><a href=\"https:\/\/vrensted-historier.dk\/?p=1073\">Marklund, Kongsengene 123<\/a><\/strong><\/li>\r\n<li><strong><a href=\"https:\/\/vrensted-historier.dk\/?p=1070\">Mellegaard, A C Andersens Vej 16<\/a><\/strong><\/li>\r\n<li><strong><a href=\"https:\/\/vrensted-historier.dk\/?p=1068\">Mikkelsminde\/Lindegaarden, Pilg\u00e5rdsvej 51<\/a><\/strong><\/li>\r\n<li><strong><a href=\"https:\/\/vrensted-historier.dk\/?p=1066\">N\u00f8rgaard, \u00c5sendrupvej 41<\/a><\/strong><\/li>\r\n<li><strong><a href=\"https:\/\/vrensted-historier.dk\/?p=1064\">\u00d8ster Sundsted, Sundstedvej 29, \u00d8ster Hede<\/a><\/strong><\/li>\r\n<li><strong><a href=\"https:\/\/vrensted-historier.dk\/?p=1062\">\u00d8stergaard, Pilg\u00e5rdsvej 90<\/a><\/strong><\/li>\r\n<li><strong><a href=\"https:\/\/vrensted-historier.dk\/?p=1060\">Rendb\u00e6kgaard, Rykindvej 38<\/a><\/strong><\/li>\r\n<li><strong><a href=\"https:\/\/vrensted-historier.dk\/?p=1058\">Roden, Hulbakvej 84<\/a><\/strong><\/li>\r\n<li><strong><a href=\"https:\/\/vrensted-historier.dk\/?p=1056\">R\u00f8rb\u00e6k, B\u00e5dstedhedevej 244<\/a><\/strong><\/li>\r\n<li><strong><a href=\"https:\/\/vrensted-historier.dk\/?p=1054\">Rykind, Rykindvej 14<\/a><\/strong><\/li>\r\n<li><strong><a href=\"https:\/\/vrensted-historier.dk\/?p=977\">Rykindvej 70, Vrensted<\/a><\/strong><\/li>\r\n<li><strong><a href=\"https:\/\/vrensted-historier.dk\/?p=1052\">Sdr. Hedegaard, Kongsengene 281, Vrensted<\/a><\/strong><\/li>\r\n<li><strong><a href=\"https:\/\/vrensted-historier.dk\/?p=1050\">Slotsgaarden, Vrenstedvej 407, Vrensted<\/a><\/strong><\/li>\r\n<li><strong><a href=\"https:\/\/vrensted-historier.dk\/?p=975\">Smedgaard, br\u00f8nderslevvej 107<\/a><\/strong><\/li>\r\n<li><strong><a href=\"https:\/\/vrensted-historier.dk\/?p=1048\">Smedegaard, Gl. Byvej 18, Vrensted<\/a><\/strong><\/li>\r\n<li><a href=\"https:\/\/vrensted-historier.dk\/store-knudsgaard-vrenstedvej\/\">Store Knudsgaard, Vrenstedvej<\/a><\/li>\r\n<li><strong><a href=\"https:\/\/vrensted-historier.dk\/?p=1046\">S\u00f8engen, B\u00e5dstedhedevej 272, Vrensted<\/a><\/strong><\/li>\r\n<li><strong><a href=\"https:\/\/vrensted-historier.dk\/?p=1044\">S\u00f8ndergaard, Gl. Byvej 6, Vrensted<\/a><\/strong><\/li>\r\n<li><strong><a href=\"https:\/\/vrensted-historier.dk\/?p=1042\">S\u00f8ndergaard, Vrenstedvej 253, Aasendrup, Vrensted<\/a><\/strong><\/li>\r\n<li><strong><a href=\"https:\/\/vrensted-historier.dk\/?p=1039\">S\u00f8ndermarken, Kongsengene 42, Vrensted<\/a><\/strong><\/li>\r\n<li><strong><a href=\"https:\/\/vrensted-historier.dk\/?p=1037\">Sundstedgaard, Br\u00f8nderslevvej 96, Vrensted<\/a><\/strong><\/li>\r\n<li><strong><a href=\"https:\/\/vrensted-historier.dk\/?p=1035\">Teglgaard, Rykindvej 83, Vrensted<\/a><\/strong><\/li>\r\n<li><strong><a href=\"https:\/\/vrensted-historier.dk\/?p=1033\">\u00a0B\u00e5dstedhedevej 88, Vrensted<\/a><\/strong><\/li>\r\n<li><strong><a href=\"https:\/\/vrensted-historier.dk\/?p=1031\">Tilsiggaard, Munkebrovej 4, Vrensted<\/a><\/strong><\/li>\r\n<li><strong><a href=\"https:\/\/vrensted-historier.dk\/?p=1029\">Toftegaard, Pilgaardsvej 195, Vrensted<\/a><\/strong><\/li>\r\n<li><strong><a href=\"https:\/\/vrensted-historier.dk\/?p=1025\">Toppen, Hulbakvej 47, Vrensted<\/a><\/strong><\/li>\r\n<li><strong><a href=\"https:\/\/vrensted-historier.dk\/?p=1023\">Tveholt, Kongsengene 311, Vrensted \u00d8ster Hede<\/a><\/strong><\/li>\r\n<li><strong><a href=\"https:\/\/vrensted-historier.dk\/?p=1019\">Ulstruplund, Br\u00f8nderslevvej 156, Vrensted<\/a><\/strong><\/li>\r\n<li><strong><a href=\"https:\/\/vrensted-historier.dk\/?p=1016\">Vanggaard, Gl. Byvej , Vrensted<\/a><\/strong><\/li>\r\n<li><strong><a href=\"https:\/\/vrensted-historier.dk\/?p=1013\">Vestergaard, Ingstrupvej 20 og 40<\/a><\/strong><\/li>\r\n<li><strong><a href=\"https:\/\/vrensted-historier.dk\/?p=1011\">Vesterk\u00e6r, Ingstrupvej 76, Vrensted<\/a><\/strong><\/li>\r\n<li><strong><a href=\"https:\/\/vrensted-historier.dk\/?p=1009\">Vesterled, Vrenstedvej 335, Vringelby, Vrensted<\/a><\/strong><\/li>\r\n<li><strong><a href=\"https:\/\/vrensted-historier.dk\/?p=973\">Vingevej 14, Vrensted<\/a><\/strong><\/li>\r\n<li><a href=\"https:\/\/vrensted-historier.dk\/vingevej-17-vrensted\/\">Vingevej 17, Vrensted<\/a><\/li>\r\n<li><a href=\"https:\/\/vrensted-historier.dk\/vingevej-19-vrensted\/\">Vingevej 19, Vrensted<\/a><\/li>\r\n<li><a href=\"https:\/\/vrensted-historier.dk\/koldkjaer-rykindvej-vrensted\/\">Koldkj\u00e6r, Rykindvej, Vrensted<\/a><\/li>\r\n<li><a href=\"https:\/\/vrensted-historier.dk\/baadstedhedevej-1-vrensted\/\">B\u00e5dstedhedevej 1, Vrensted<\/a><\/li>\r\n<li><a href=\"https:\/\/vrensted-historier.dk\/?p=3060\"><strong>S\u00f8eholm, B\u00e5dstedhedevej 130<\/strong><\/a><\/li>\r\n<li><strong><a href=\"https:\/\/vrensted-historier.dk\/?p=3064\">Ingstrupvej 22, Vrensted K\u00e6r<\/a><\/strong><\/li>\r\n<li><strong><a href=\"https:\/\/vrensted-historier.dk\/?p=3074\">B\u00e5dstedhedevej 210<\/a><\/strong><\/li>\r\n<li><strong><a href=\"https:\/\/vrensted-historier.dk\/?p=3078\">Nielsminde, Vingevej 43<\/a><\/strong><\/li>\r\n<li><strong><a href=\"https:\/\/vrensted-historier.dk\/?p=3087\">Th\u00f8gerstedet, Vingevej 4<\/a><\/strong><\/li>\r\n<li><strong><a href=\"https:\/\/vrensted-historier.dk\/?p=3090\">Nr. K\u00e6r, N\u00f8rk\u00e6r 20, Vrensted<\/a><\/strong><\/li>\r\n<li><a href=\"https:\/\/vrensted-historier.dk\/?p=5454&amp;preview=true\">B\u00e5dstedhedevej 159, Vrensted<\/a><\/li>\r\n<li><a href=\"https:\/\/vrensted-historier.dk\/?p=5469&amp;preview=true\">B\u00e5dstedhedevej, R\u00f8rb\u00e6k, Vrensted<\/a><\/li>\r\n<li><a href=\"https:\/\/vrensted-historier.dk\/?p=5492&amp;preview=true\">B\u00e5dstedhedevej 149, Vrensted<\/a><\/li>\r\n<li><a href=\"https:\/\/vrensted-historier.dk\/kongsengene-255-vrensted\/\">Kongsengene 255, Vrensted<\/a><\/li>\r\n<li><a href=\"https:\/\/vrensted-historier.dk\/kongsengene-217-vrensted\/\">Kongsengene 217, Vrensted<\/a><\/li>\r\n<li><a href=\"https:\/\/vrensted-historier.dk\/munkebrovej-46-vrensted\/\">Munkebrovej 46<\/a><\/li>\r\n<\/ul>\r\n<ul>\r\n<li><a href=\"https:\/\/vrensted-historier.dk\/kongsengene-295-oester-hedegaard-vrensted-oester-hede\/\">Kongsengene 295, \u00d8ster Hedegaard<\/a><\/li>\r\n<li><a href=\"https:\/\/vrensted-historier.dk\/bystien-6-vrensted\/\">Bystien 6, Vrensted<\/a><\/li>\r\n<li><a href=\"https:\/\/vrensted-historier.dk\/broenderslevvej-222-vrensted\/\">Br\u00f8nderslevvej 222, Vrensted<\/a><\/li>\r\n<li><a href=\"https:\/\/vrensted-historier.dk\/?p=5506&amp;preview=true\">B\u00e5dstedhedevej 176, Vrensted<\/a><\/li>\r\n<li><a href=\"https:\/\/vrensted-historier.dk\/kongsengene-295-oester-hedegaard-vrensted-oester-hede\/\">Kongsengene 295, \u00d8ster Hedegaard<\/a><\/li>\r\n<li><a href=\"https:\/\/vrensted-historier.dk\/?p=5513&amp;preview=true\">Kongsengene 139, Ny Libak, Vrensted<\/a><\/li>\r\n<li><a href=\"https:\/\/vrensted-historier.dk\/?p=5517&amp;preview=true\">B\u00e5dstedhedevej 274, Vrensted<\/a><\/li>\r\n<li><a href=\"https:\/\/vrensted-historier.dk\/?p=5527&amp;preview=true\">Br\u00f8nderslevvej 192, Engholm, Vrensted<\/a><\/li>\r\n<li><a href=\"https:\/\/vrensted-historier.dk\/?p=5739&amp;preview=true\">Thorvald Thomsen, N\u00f8rk\u00e6r, Vrensted<\/a><\/li>\r\n<li><a href=\"https:\/\/vrensted-historier.dk\/?p=5733&amp;preview=true\">Aasendrupvej 13, Vrensted<\/a><\/li>\r\n<li><a href=\"https:\/\/vrensted-historier.dk\/?p=5730&amp;preview=true\">B\u00f8rge Chr. S\u00f8rensen, Vrensted<\/a><\/li>\r\n<li><a href=\"https:\/\/vrensted-historier.dk\/?p=5726&amp;preview=true\">Valdemar S\u00f8rensen, N\u00f8rk\u00e6r, Vrensted<\/a><\/li>\r\n<li><a href=\"https:\/\/vrensted-historier.dk\/?p=5721&amp;preview=true\">B\u00e5dstedhedevej 247, Stadsvold, Vrensted<\/a><\/li>\r\n<li><a href=\"https:\/\/vrensted-historier.dk\/?p=5706&amp;preview=true\">B\u00e5dstedhedevej 155, Vrensted<\/a><\/li>\r\n<li><a href=\"https:\/\/vrensted-historier.dk\/?p=5715&amp;preview=true\">Br\u00f8nderslevvej 49, Vrensted<\/a><\/li>\r\n<li><a href=\"https:\/\/vrensted-historier.dk\/baadstedhedevej-233-roerbaekhus-vrensted\/\">B\u00e5dstedhedevej 233, Vrensted<\/a><\/li>\r\n<li><a href=\"https:\/\/vrensted-historier.dk\/?p=5707&amp;preview=true\">Martin Nicolaj Pedersen, \u00d8ster Hede, Vrensted<\/a><\/li>\r\n<li><a href=\"https:\/\/vrensted-historier.dk\/?p=5701&amp;preview=true\">Stationsvej 18, \u00a0Vrensted<\/a><\/li>\r\n<li><a href=\"https:\/\/vrensted-historier.dk\/?p=5696&amp;preview=true\">Aksel Pedersen, Vrensted<\/a><\/li>\r\n<li><a href=\"https:\/\/vrensted-historier.dk\/?p=5692&amp;preview=true\">B\u00e5dstedhedevej 148, Vrensted<\/a><\/li>\r\n<li><a href=\"https:\/\/vrensted-historier.dk\/?p=5686&amp;preview=true\">\u00c5sendrupvej 25, Vrensted<\/a><\/li>\r\n<li><a href=\"https:\/\/vrensted-historier.dk\/?p=5682&amp;preview=true\">Hulbakvej 4, \u00c5sendrup, Vrensted<\/a><\/li>\r\n<li><a href=\"https:\/\/vrensted-historier.dk\/?p=5679&amp;preview=true\">Jacob og Kathrine Nielsen, Aasendrup, Vrensted<\/a><\/li>\r\n<li><a href=\"https:\/\/vrensted-historier.dk\/?p=5676&amp;preview=true\">\u00a0Vingevej 32, Vrensted<\/a><\/li>\r\n<li><a href=\"https:\/\/vrensted-historier.dk\/?p=5672&amp;preview=true\">Harald Nielsen, \u00c5sendrup, Vrensted<\/a><\/li>\r\n<li><a href=\"https:\/\/vrensted-historier.dk\/?p=5665&amp;preview=true\">N\u00f8rk\u00e6r 20, Vrensted<\/a><\/li>\r\n<li><a href=\"https:\/\/vrensted-historier.dk\/?p=5663&amp;preview=true\">Kongsengene 148, Libak, Vrensted<\/a><\/li>\r\n<li><a href=\"https:\/\/vrensted-historier.dk\/?p=5658&amp;preview=true\">Emil Nielsen, Aasendrup, Vrensted<\/a><\/li>\r\n<li><a href=\"https:\/\/vrensted-historier.dk\/?p=5655&amp;preview=true\">Vingevej 4, Vrensted<\/a><\/li>\r\n<li><a href=\"https:\/\/vrensted-historier.dk\/?p=5652&amp;preview=true\">Vilhelm Larsen, Vrensted<\/a><\/li>\r\n<li><a href=\"https:\/\/vrensted-historier.dk\/?p=5649&amp;preview=true\">\u00c5sendrupvej 30, Vrensted<\/a><\/li>\r\n<li><a href=\"https:\/\/vrensted-historier.dk\/?p=5644&amp;preview=true\">L\u00f8kkensvej 979, L\u00f8kken<\/a><\/li>\r\n<li><a href=\"https:\/\/vrensted-historier.dk\/kongsengene-208\/\">Kongsengene 208, Vrensted\u00a0<\/a><\/li>\r\n<li><a href=\"https:\/\/vrensted-historier.dk\/?p=5640&amp;preview=true\">Kongsengene 226, Vrensted<\/a><\/li>\r\n<li><a href=\"https:\/\/vrensted-historier.dk\/?p=5635&amp;preview=true\">B\u00e5dstedhedevej 213, Langb\u00e6kgaard, Vrensted<\/a><\/li>\r\n<li><a href=\"https:\/\/vrensted-historier.dk\/?p=5631&amp;preview=true\">Niels Chr. Jensen, Aasendrup, Vrensted<\/a><\/li>\r\n<li><a href=\"https:\/\/vrensted-historier.dk\/?p=5628&amp;preview=true\">Gl. Byvej 20, Kirkholm, Vrensted<\/a><\/li>\r\n<li><a href=\"https:\/\/vrensted-historier.dk\/?p=5620&amp;preview=true\">Kongsengene 195, Vrensted<\/a><\/li>\r\n<li><a href=\"https:\/\/vrensted-historier.dk\/kongsengene-186-vrensted\/\">Kongsengene 186, Vrensted<\/a><\/li>\r\n<li><a href=\"https:\/\/vrensted-historier.dk\/?p=5617&amp;preview=true\">Kongsengene 184, Vrensted<\/a><\/li>\r\n<li><a href=\"https:\/\/vrensted-historier.dk\/?p=5506&amp;preview=true\">B\u00e5dstedhedevej 176, Vrensted<\/a><\/li>\r\n<li><a href=\"https:\/\/vrensted-historier.dk\/?p=5454&amp;preview=true\">B\u00e5dstedhedevej 159, Vrensted<\/a><\/li>\r\n<li><a href=\"https:\/\/vrensted-historier.dk\/?p=5527&amp;preview=true\">Br\u00f8nderslevvej 192, Vrensted<\/a><\/li>\r\n<li><a href=\"https:\/\/vrensted-historier.dk\/?p=5532&amp;preview=true\">Kongsengene 112, Vrensted<\/a><\/li>\r\n<li><a href=\"https:\/\/vrensted-historier.dk\/?p=5469&amp;preview=true\">B\u00e5dstedhedevej, R\u00f8rb\u00e6k, Vrensted<\/a><\/li>\r\n<li><a href=\"https:\/\/vrensted-historier.dk\/?p=5502&amp;preview=true\">Kongsengene 165, Sundsted Mark, Vrensted<\/a><\/li>\r\n<li><a href=\"https:\/\/vrensted-historier.dk\/broenderslevvej-251-oesterhedengaard\/\">Br\u00f8nderslevvej 251, \u00d8sterhedengaard<\/a><\/li>\r\n<li><a href=\"https:\/\/vrensted-historier.dk\/?p=5492&amp;preview=true\">B\u00e5dstedhedevej 149, Vrensted<\/a><\/li>\r\n<li><a href=\"https:\/\/vrensted-historier.dk\/?p=5488&amp;preview=true\">B\u00e5dstedhedevej 233, Vrensted<\/a><\/li>\r\n<li><a href=\"https:\/\/vrensted-historier.dk\/baadstedhedevej-249-vrensted\/\">B\u00e5dstedhedevej 249, Vrensted<\/a><\/li>\r\n<li><a href=\"https:\/\/vrensted-historier.dk\/?p=5465&amp;preview=true\">Br\u00f8nderslevvej 233, Vrensted<\/a><\/li>\r\n<li><a href=\"https:\/\/vrensted-historier.dk\/?p=5821&amp;preview=true\">Rykindvej 56, Vrensted<\/a><\/li>\r\n<li><a href=\"https:\/\/vrensted-historier.dk\/vrenstedvej-334-vrensted\/\">Vrenstedvej 334, Vrensted<\/a><\/li>\r\n<li><a href=\"https:\/\/vrensted-historier.dk\/gl-byvej-1-vrensted\/\">Gl. Byvej 1, Vrensted<\/a><\/li>\r\n<li><a href=\"https:\/\/vrensted-historier.dk\/kongsengene-204\/\">Kongsengene 204, Vrensted<\/a><\/li>\r\n<li><a href=\"https:\/\/vrensted-historier.dk\/sundstedvej-43-vrensted\/\">Sundstedvej 43, Vrensted<\/a><\/li>\r\n<li><a href=\"https:\/\/vrensted-historier.dk\/vrenstedvej-331-vringelby\/\">Vrenstedvej 331, Vringelby<\/a><\/li>\r\n<li><a href=\"https:\/\/vrensted-historier.dk\/vrenstedvej-336-vringelby\/\">Vrenstedvej 336, Vringelby<\/a><\/li>\r\n<li><a href=\"https:\/\/vrensted-historier.dk\/a-c-andersensvej-5-vrensted\/\">A.C. Andersensvej 5, Vrensted<\/a><\/li>\r\n<li><a href=\"https:\/\/vrensted-historier.dk\/gaarde-og-husmandsbrug-i-vrensted\/\">Vrenstedvej 290, K\u00e6ret ved Bagterp<\/a><\/li>\r\n<li><a href=\"https:\/\/vrensted-historier.dk\/hulbakvej-107-vrensted\/\">Hulbakvej 107, Vrensted<\/a><\/li>\r\n<li><a href=\"https:\/\/vrensted-historier.dk\/kongsengene-212\/\">Kongsengene 212, Vrensted<\/a><\/li>\r\n<li><a href=\"https:\/\/vrensted-historier.dk\/?p=8052\">Hulbakvej 132, \u00c5sendrup<\/a><\/li>\r\n<li><a href=\"https:\/\/vrensted-historier.dk\/baadstedhedevej-150\/\">B\u00e5dstedhedevej 150<\/a><\/li>\r\n<li><a href=\"https:\/\/vrensted-historier.dk\/vrenstedvej-290-aasendrup-kaer-9480-loekken\/\">Vrenstedvej 290, \u00c5sendrup K\u00e6r<\/a><\/li>\r\n<li><a href=\"https:\/\/vrensted-historier.dk\/kongsengene-165-sundsted-mark-vrensted\/\">Kongsengene 165, Sundstedvej Mark, Vrensted<\/a><\/li>\r\n<li><a href=\"https:\/\/vrensted-historier.dk\/hulgaard-rykindvej-62-vrensted\/\">Rykindvej 62, Hulgaard<\/a><\/li>\r\n<li><a href=\"https:\/\/vrensted-historier.dk\/skole-og-de-stoerste-gaarde-i-aasendrup\/\">Skole og de st\u00f8rste g\u00e5rde i \u00c5sendrup<\/a><\/li>\r\n<li><a href=\"https:\/\/vrensted-historier.dk\/thoegerslund-baadstedhedevej-88-2\/\">Th\u00f8gerslund, B\u00e5dstedhedevej 88<\/a><\/li>\r\n<\/ul>\r\n","protected":false},"excerpt":{"rendered":"<p>\u00a0Klik p\u00e5 den ejendom du vil l\u00e6se om. Her er en oversigt over ejendomme hvorfra der har v\u00e6ret drevet landbrug Om Vrensteds g\u00e5rde fort\u00e6lles \u00a0 B\u00f8rglum Kloster Hartkorn \u2013 Landgilde \u2013 en beregnings metode for b\u00f8ndernes afgifter til Godserne Vrensted Andelsmejeri &#8220;Lykkens Pr\u00f8ve \u00a0 Pilg\u00e5rdsvej 21, Aagaard A.C. Andersens Vej 30, Vrensted Anesminde, Vingevej 17 &hellip; <a href=\"https:\/\/vrensted-historier.dk\/?page_id=2058\" class=\"more-link\">L\u00e6s videre<span class=\"screen-reader-text\"> &#8220;G\u00e5rde og Husmandsbrug&#8221;<\/span><\/a><\/p>\n","protected":false},"author":1,"featured_media":0,"parent":0,"menu_order":0,"comment_status":"closed","ping_status":"closed","template":"","meta":{"footnotes":""},"class_list":["post-2058","page","type-page","status-publish","hentry"],"_links":{"self":[{"href":"https:\/\/vrensted-historier.dk\/index.php?rest_route=\/wp\/v2\/pages\/2058","targetHints":{"allow":["GET"]}}],"collection":[{"href":"https:\/\/vrensted-historier.dk\/index.php?rest_route=\/wp\/v2\/pages"}],"about":[{"href":"https:\/\/vrensted-historier.dk\/index.php?rest_route=\/wp\/v2\/types\/page"}],"author":[{"embeddable":true,"href":"https:\/\/vrensted-historier.dk\/index.php?rest_route=\/wp\/v2\/users\/1"}],"replies":[{"embeddable":true,"href":"https:\/\/vrensted-historier.dk\/index.php?rest_route=%2Fwp%2Fv2%2Fcomments&post=2058"}],"version-history":[{"count":270,"href":"https:\/\/vrensted-historier.dk\/index.php?rest_route=\/wp\/v2\/pages\/2058\/revisions"}],"predecessor-version":[{"id":42430,"href":"https:\/\/vrensted-historier.dk\/index.php?rest_route=\/wp\/v2\/pages\/2058\/revisions\/42430"}],"wp:attachment":[{"href":"https:\/\/vrensted-historier.dk\/index.php?rest_route=%2Fwp%2Fv2%2Fmedia&parent=2058"}],"curies":[{"name":"wp","href":"https:\/\/api.w.org\/{rel}","templated":true}]}}