{"id":1625,"date":"2018-08-19T17:33:04","date_gmt":"2018-08-19T17:33:04","guid":{"rendered":"http:\/\/vrensted-historier.dk\/?page_id=1625"},"modified":"2025-10-01T19:44:32","modified_gmt":"2025-10-01T17:44:32","slug":"velkommen-til-min-hjemmeside","status":"publish","type":"page","link":"https:\/\/vrensted-historier.dk\/?page_id=1625","title":{"rendered":"***Om hjemmesiden"},"content":{"rendered":"<h2><strong>Hvem er Jens Otto Madsen,<\/strong><\/h2>\n<p><em>der har v\u00e6ret ophavsmand til denne hjemmeside og alle b\u00f8ger med<\/em><\/p>\n<p><strong>Vrensted Historier \u00a0&#8211; \u00a0Bind\u00a0 1 &#8211; 10<\/strong><\/p>\n<p><strong>Historier fra Br\u00f8nderslev &#8211; Bind\u00a0 1 &#8211; 10<\/strong><\/p>\n<p><strong>Historier fra Vendsyssel &#8211; Bind\u00a0 1 \u2013 10<\/strong><\/p>\n<p><em><strong>Samt FB grupperne:<\/strong><\/em><\/p>\n<p><strong>Go`<\/strong><strong>e gamle Vrensted\u00a0<\/strong><\/p>\n<p><strong>Historier fra Br\u00f8nderslev<\/strong><\/p>\n<p><strong>Historier fra Vendsyssel<\/strong><\/p>\n<p><strong>Lad os begynde ved begyndelsen:<\/strong><\/p>\n<p>Jeg er f\u00f8dt og opvokset i Vrensted i en familie med mor og far og 3 s\u00f8skende. Jeg er nr. 2 ud af vi 4 s\u00f8skende.<\/p>\n<p>Mor var hjemmeg\u00e5ende og far blev f\u00f8rstel\u00e6rer ved Vrensted Byskole i 1944. Der f\u00f8r havde han sit f\u00f8rste embede p\u00e5 \u00d8ster Hjermitslev Engskole, beliggende p\u00e5 Starengvej. P\u00e5 det tidspunkt traf han min mor, de blev gift og min stores\u00f8ster blev f\u00f8dt der. Bygningen ligger der endnu, men nu som beboelse.<\/p>\n<p>Jeg voksede op i Byskolen i Vrensted og efter de f\u00f8rste skole\u00e5r, s\u00e5 kom jeg p\u00e5 L\u00f8kken Realskole og fik min Realeksamen i 1962.<\/p>\n<p>Br\u00f8nderslev har altid v\u00e6re vores by. Mor er udl\u00e6rt p\u00e5 kontoret hos Robinson Andersen\u00a0 \u00c6geksport. Mor var fra en g\u00e5rd i Serritslev. Far kom fra en familie i Try ved \u00d8ster Vraa, som havde etableret en ny k\u00f8bmandsforretningen der.<\/p>\n<p>Skolem\u00e6ssigt skulle far ofte til Br\u00f8nderslev. Bl.a. hos Mandrup Poulsens Boghandel, hos bogbinder Poul Marlo Madsen og M.S. Madsen papir Engros. Steder jeg ofte var med far, n\u00e5r der skulle bestilles materiale til skolen. Skulle der handles t\u00f8j var det ogs\u00e5 Br\u00f8nderslev.<\/p>\n<p>Jeg var begyndt som elev i Br\u00f8nderslev Bank i 1962 lige blevet 16 \u00e5r. Om sommeren cyklede jeg frem og tilbage Vrensted-Br\u00f8nderslev, om vinteren tog jeg rutebilen. Efter to 2 \u00e5rs l\u00e6retid fandt jeg et v\u00e6relse og skulle nu til at klare mig selv. Frokosten spiste jeg hos bedstemor i Annexgade, der var blevet alene, sammen med min kusine, som var blevet ansat som elev p\u00e5 Posthuset. Det var nemt og billigt. Aftensmaden klarede jeg selv. Senere spiste jeg middag p\u00e5 pensionat lige overfor banken i Bredgade.<\/p>\n<p>Aftenerne gik med skolegang. I elevtiden var det Handelsskolen p\u00e5 Skolegades Skole om aftenen 3 gange ugentligt. Senere blev det bankskole i Aalborg. I Sommerperioden gik nogle aftener med fodbold p\u00e5 Firmasport, hvor vi spillede mod de andre virksomheder fra Br\u00f8nderslev. Det var en dejlig tid. Da jeg fik bil, k\u00f8rte jeg til Vrensted hvor jeg spillede en del \u00e5r. I nogle \u00e5r f\u00f8rte jeg lidt regnskab om aftenen p\u00e5 Hotel Tannishus i Tversted, et ekstrajob som min direkt\u00f8r havde skaffet mig. Senere fik jeg et par ejendomme i Br\u00f8nderslev hvor jeg ligeledes stod for regnskabet i min fritid.<\/p>\n<p>I 1970 blev jeg gift. Vi havde bygget et nyt hus i Vodskov, med stor hj\u00e6lp af min svigerfar. Det var lykken. Vi fik begge vores 2 piger i Vodskov, men i 1979 flyttede vi til Br\u00f8nderslev ogs\u00e5 i nyopf\u00f8rt hus p\u00e5 Ydunsvej \u2013 jeg var fortsat i banken, der i mellemtiden var blevet til Handelsbanken i Br\u00f8nderslev. Her gik begge vores piger p\u00e5 Hedeg\u00e5rdsskolen og senere gymnasiet.<\/p>\n<p>Jeg fik n\u00e6sten hele mit arbejdsliv i Br\u00f8nderslev. Stoppede som 56\u00e5rig og har siden haft et godt liv med min familie, hvor der som rosinen i p\u00f8lseenden er kommet 4 sk\u00f8nne b\u00f8rneb\u00f8rn 2 af hver slags. Vi har rejst over det meste af verden og f\u00e5et mange fantastiske oplevelser, der har givet os s\u00e5 mange gode minder.<\/p>\n<p>Resten og lidt til m\u00e5 i l\u00e6se i min Levnedsbeskrivelse som kan findes p\u00e5 www. Vrensted-Historier.dk, \u00a0under kategori Levnedsbeskrivelser.<\/p>\n<p><strong>\u201dDen der \u00f8nsker at leve livet om, har overhovedet ikke levet livet.\u201d<br \/>\nskrevet af Karen Blixen.<\/strong><\/p>\n<p><strong>Det er ogs\u00e5 min holdning &#8211;<\/strong><\/p>\n<p><strong><em>\u00a0<\/em><\/strong>Hjemmesiden er oprettet august 2018 og administreres af undertegnede.\u00a0 De historiske oplysninger tilvejebringes af undertegnede. Der vil komme mere stof efterh\u00e5nden.\u00a0 Hvis du har oplysninger, som kan supplere historierne, er jeg meget interesseret i at modtage dem. Det samme g\u00e6lder billeder, der kan illustrere historierne, eller som rummer historie og billeder af bygninger. Dem vil jeg meget gerne \u00a0have en kopi af. Jeg er selvf\u00f8lgelig ogs\u00e5 interesseret i nye gode historier.\u00a0 \u00a0 H\u00e5ber hjemmesiden vil blive til gl\u00e6de for os alle.\u00a0 \u00a0 \u00a0Udvalget af historier er efterh\u00e5nden blevet stor, p.t. er der nu over\u00a0 \u00a01.050 historier, incl. landbrug ca. 168 med lille beskrivelse eller foto.<\/p>\n<h6 style=\"text-align: left;\">S\u00e5 rigtig god forn\u00f8jelse med l\u00e6sningen<\/h6>\n<figure id=\"attachment_1906\" aria-describedby=\"caption-attachment-1906\" style=\"width: 122px\" class=\"wp-caption alignnone\"><img loading=\"lazy\" decoding=\"async\" class=\"wp-image-1906\" style=\"font-weight: bold; background-color: transparent; text-align: inherit;\" src=\"https:\/\/vrensted-historier.dk\/wp-content\/uploads\/2018\/08\/IMG_0384-6.jpg\" alt=\"\" width=\"122\" height=\"169\" \/><figcaption id=\"caption-attachment-1906\" class=\"wp-caption-text\">Jens Otto<\/figcaption><\/figure>\n<pre>Jens Otto Madsen\r\nLille Fiskerbanke 7\r\n9493 Saltum\r\nmobil:2972 7134\r\nmail: jensotto1946@hotmail.com\r\nHjemmeside: www.Vrensted-Historier.dk<\/pre>\n<div class=\"wp-menu-arrow\">\n<p align=\"CENTER\"><b>Bevaring af historien \u2013 sl\u00e6gtsminder<\/b><\/p>\n<p align=\"CENTER\">En tidligere politiker har engang sagt:\u00a0<b>\u201cDet er en ringe sl\u00e6gt, der ikke har sl\u00e6gtsminder, og det er en ringe sl\u00e6gt, der ikke efterlader sig s\u00e5danne. Men den mand og den sl\u00e6gt er endnu ringere, som ikke vil v\u00e6rne om sine minder, s\u00e5 de kan g\u00e5 videre til b\u00f8rn og b\u00f8rneb\u00f8rn, sl\u00e6gt efter sl\u00e6gt\u201d<\/b>.<\/p>\n<p>Hvis den nuv\u00e6rende sl\u00e6gt viser viljen til at ville v\u00e6rne om sine minder, vil det v\u00e6re til uvurderlig gl\u00e6de for kommende generationer.<\/p>\n<p>Under denne synsvinkel b\u00f8r man f\u00f8rst og fremmest vurdere, selv om det selvf\u00f8lgelig ogs\u00e5 gerne skulle v\u00e6re til gl\u00e6de for den nulevende sl\u00e6gt. \u201cHvad gl\u00e6de har jeg egentlig af at huske p\u00e5, at vor tid med alle dens nok s\u00e5 tekniske fremskridt bygger p\u00e5 fortiden, og at alt \u2013 ogs\u00e5 en selv \u2013 er et produkt af denne fortid. Rigsarkivar Johan Hvidtfeld har engang sagt: \u201cVil mennesket forst\u00e5 sig selv og pr\u00f8ve at f\u00e5 rede p\u00e5 foruds\u00e6tningerne for de mange forskellige, ofte modstridende evner og tilb\u00f8jeligheder, som findes hos den enkelte, m\u00e5 han s\u00f8ge tilbage i sl\u00e6gtens fortid for at finde forklaringen. \u2013 Det sl\u00e6gtshistoriske arbejde er derfor ikke bare et samleri, der kun egner sig for folk med god tid. \u2013 Det er i virkeligheden et udslag af menneskets trang til at pr\u00f8ve at finde ud af hvad der er g\u00e5et forud for ens egen tid og\u00a0<strong>HVEM ER VI ?.<\/strong><\/p>\n<p><em><strong>Sl\u00e6gtsfort\u00e6llinger og oplysninger er en samling minder om ens forf\u00e6dre, og minder fra egen tid, som kan hj\u00e6lpe en til at finde et st\u00e5sted.<\/strong><\/em><\/p>\n<p class=\"mceTemp\">\n<\/div>\n<h6><\/h6>\n","protected":false},"excerpt":{"rendered":"<p>Hvem er Jens Otto Madsen, der har v\u00e6ret ophavsmand til denne hjemmeside og alle b\u00f8ger med Vrensted Historier \u00a0&#8211; \u00a0Bind\u00a0 1 &#8211; 10 Historier fra Br\u00f8nderslev &#8211; Bind\u00a0 1 &#8211; 10 Historier fra Vendsyssel &#8211; Bind\u00a0 1 \u2013 10 Samt FB grupperne: Go`e gamle Vrensted\u00a0 Historier fra Br\u00f8nderslev Historier fra Vendsyssel Lad os begynde ved &hellip; <a href=\"https:\/\/vrensted-historier.dk\/?page_id=1625\" class=\"more-link\">L\u00e6s videre<span class=\"screen-reader-text\"> &#8220;***Om hjemmesiden&#8221;<\/span><\/a><\/p>\n","protected":false},"author":1,"featured_media":0,"parent":0,"menu_order":0,"comment_status":"closed","ping_status":"closed","template":"","meta":{"footnotes":""},"class_list":["post-1625","page","type-page","status-publish","hentry"],"_links":{"self":[{"href":"https:\/\/vrensted-historier.dk\/index.php?rest_route=\/wp\/v2\/pages\/1625","targetHints":{"allow":["GET"]}}],"collection":[{"href":"https:\/\/vrensted-historier.dk\/index.php?rest_route=\/wp\/v2\/pages"}],"about":[{"href":"https:\/\/vrensted-historier.dk\/index.php?rest_route=\/wp\/v2\/types\/page"}],"author":[{"embeddable":true,"href":"https:\/\/vrensted-historier.dk\/index.php?rest_route=\/wp\/v2\/users\/1"}],"replies":[{"embeddable":true,"href":"https:\/\/vrensted-historier.dk\/index.php?rest_route=%2Fwp%2Fv2%2Fcomments&post=1625"}],"version-history":[{"count":15,"href":"https:\/\/vrensted-historier.dk\/index.php?rest_route=\/wp\/v2\/pages\/1625\/revisions"}],"predecessor-version":[{"id":48242,"href":"https:\/\/vrensted-historier.dk\/index.php?rest_route=\/wp\/v2\/pages\/1625\/revisions\/48242"}],"wp:attachment":[{"href":"https:\/\/vrensted-historier.dk\/index.php?rest_route=%2Fwp%2Fv2%2Fmedia&parent=1625"}],"curies":[{"name":"wp","href":"https:\/\/api.w.org\/{rel}","templated":true}]}}