{"id":1401,"date":"2018-08-18T08:34:11","date_gmt":"2018-08-18T08:34:11","guid":{"rendered":"http:\/\/vrensted-historier.dk\/?page_id=1401"},"modified":"2023-02-28T16:20:47","modified_gmt":"2023-02-28T15:20:47","slug":"forfattere-og-kunstnere-fra-vrensted","status":"publish","type":"page","link":"https:\/\/vrensted-historier.dk\/?page_id=1401","title":{"rendered":"Forfattere og Kunstnere"},"content":{"rendered":"<p style=\"text-align: left;\"><strong>Klik p\u00e5 den historie du \u00f8nsker at l\u00e6se <\/strong><\/p>\n<h6>Forfattere og Kunstnere fra Vrensted<\/h6>\n<ul>\n<li><a href=\"https:\/\/vrensted-historier.dk\/knud-holst-forfatter\/jensotto\/\"><b>Knud Holst &#8211; forfatter<\/b><\/a><\/li>\n<li><a href=\"https:\/\/vrensted-historier.dk\/a-c-andersen-digteren-fra-vrensted-2\/\"><b>A.C. Andersen &#8211; digteren fra Vrensted<\/b><\/a><\/li>\n<li><strong><a href=\"http:\/\/vrensted-historier.dk\/?p=374\">Oluf Jensen, m\u00f8belsnedker og kunstner<\/a><\/strong><\/li>\n<li><strong><a href=\"http:\/\/vrensted-historier.dk\/?p=377\">Gunnar Gade, tr\u00e6sk\u00e6rer<\/a><\/strong><\/li>\n<li><strong><a href=\"http:\/\/vrensted-historier.dk\/?p=384\">Bodil Dam, kunstner, skulpt\u00f8r\/billedhugger<\/a><\/strong><\/li>\n<li><strong><a href=\"http:\/\/vrensted-historier.dk\/?p=548\">Svend Riis, tegner og kunstmaler<\/a><\/strong><\/li>\n<li><strong><a href=\"https:\/\/vrensted-historier.dk\/?p=531\">Fie Riis, sangskriver og forfatter<\/a><\/strong><\/li>\n<li><a href=\"https:\/\/vrensted-historier.dk\/vrensted-drengen-der-blev-baade-lektor-og-forfatter-niels-jaegerum\/\"><b>Niels J\u00e6gerum, forfatter<\/b><\/a><\/li>\n<li><a href=\"https:\/\/vrensted-historier.dk\/niels-jaegerum-hans-digte\/\"><b>Niels J\u00e6gerum \u2013 hans digte<\/b><\/a><\/li>\n<\/ul>\n<p><img loading=\"lazy\" decoding=\"async\" class=\"aligncenter size-thumbnail wp-image-12454\" src=\"https:\/\/vrensted-historier.dk\/wp-content\/uploads\/2019\/05\/9C31A3E3-91B0-4978-BFA2-E9F5C3330D94-300x200.jpeg\" alt=\"\" width=\"300\" height=\"200\" srcset=\"https:\/\/vrensted-historier.dk\/wp-content\/uploads\/2019\/05\/9C31A3E3-91B0-4978-BFA2-E9F5C3330D94-300x200.jpeg 300w, https:\/\/vrensted-historier.dk\/wp-content\/uploads\/2019\/05\/9C31A3E3-91B0-4978-BFA2-E9F5C3330D94-600x400.jpeg 600w, https:\/\/vrensted-historier.dk\/wp-content\/uploads\/2019\/05\/9C31A3E3-91B0-4978-BFA2-E9F5C3330D94-768x512.jpeg 768w, https:\/\/vrensted-historier.dk\/wp-content\/uploads\/2019\/05\/9C31A3E3-91B0-4978-BFA2-E9F5C3330D94.jpeg 960w\" sizes=\"auto, (max-width: 300px) 85vw, 300px\" \/><\/p>\n","protected":false},"excerpt":{"rendered":"<p>Klik p\u00e5 den historie du \u00f8nsker at l\u00e6se Forfattere og Kunstnere fra Vrensted Knud Holst &#8211; forfatter A.C. Andersen &#8211; digteren fra Vrensted Oluf Jensen, m\u00f8belsnedker og kunstner Gunnar Gade, tr\u00e6sk\u00e6rer Bodil Dam, kunstner, skulpt\u00f8r\/billedhugger Svend Riis, tegner og kunstmaler Fie Riis, sangskriver og forfatter Niels J\u00e6gerum, forfatter Niels J\u00e6gerum \u2013 hans digte<\/p>\n","protected":false},"author":1,"featured_media":0,"parent":0,"menu_order":0,"comment_status":"closed","ping_status":"closed","template":"","meta":{"footnotes":""},"class_list":["post-1401","page","type-page","status-publish","hentry"],"_links":{"self":[{"href":"https:\/\/vrensted-historier.dk\/index.php?rest_route=\/wp\/v2\/pages\/1401","targetHints":{"allow":["GET"]}}],"collection":[{"href":"https:\/\/vrensted-historier.dk\/index.php?rest_route=\/wp\/v2\/pages"}],"about":[{"href":"https:\/\/vrensted-historier.dk\/index.php?rest_route=\/wp\/v2\/types\/page"}],"author":[{"embeddable":true,"href":"https:\/\/vrensted-historier.dk\/index.php?rest_route=\/wp\/v2\/users\/1"}],"replies":[{"embeddable":true,"href":"https:\/\/vrensted-historier.dk\/index.php?rest_route=%2Fwp%2Fv2%2Fcomments&post=1401"}],"version-history":[{"count":42,"href":"https:\/\/vrensted-historier.dk\/index.php?rest_route=\/wp\/v2\/pages\/1401\/revisions"}],"predecessor-version":[{"id":43438,"href":"https:\/\/vrensted-historier.dk\/index.php?rest_route=\/wp\/v2\/pages\/1401\/revisions\/43438"}],"wp:attachment":[{"href":"https:\/\/vrensted-historier.dk\/index.php?rest_route=%2Fwp%2Fv2%2Fmedia&parent=1401"}],"curies":[{"name":"wp","href":"https:\/\/api.w.org\/{rel}","templated":true}]}}