{"id":1386,"date":"2018-08-18T07:50:50","date_gmt":"2018-08-18T07:50:50","guid":{"rendered":"http:\/\/vrensted-historier.dk\/?page_id=1386"},"modified":"2023-11-06T23:50:37","modified_gmt":"2023-11-06T22:50:37","slug":"levnedsbeskrivelser","status":"publish","type":"page","link":"https:\/\/vrensted-historier.dk\/?page_id=1386","title":{"rendered":"Levnedsbeskrivelser"},"content":{"rendered":"<p>&nbsp;<\/p>\n<div class=\"mceTemp\">\n<p><img loading=\"lazy\" decoding=\"async\" class=\"wp-image-1989\" src=\"https:\/\/vrensted-historier.dk\/wp-content\/uploads\/2018\/08\/IMG_0937-1-300x195.jpg\" alt=\"\" width=\"295\" height=\"192\" srcset=\"https:\/\/vrensted-historier.dk\/wp-content\/uploads\/2018\/08\/IMG_0937-1-300x195.jpg 300w, https:\/\/vrensted-historier.dk\/wp-content\/uploads\/2018\/08\/IMG_0937-1-768x498.jpg 768w, https:\/\/vrensted-historier.dk\/wp-content\/uploads\/2018\/08\/IMG_0937-1-1024x664.jpg 1024w, https:\/\/vrensted-historier.dk\/wp-content\/uploads\/2018\/08\/IMG_0937-1.jpg 1882w\" sizes=\"auto, (max-width: 295px) 85vw, 295px\" \/><\/p>\n<ul id=\"attachment_1989\" class=\"wp-caption alignnone\" style=\"width: 295px;\">Kongelig Ordenshistorigraf Knud J.V. Jespersen st\u00e5r med et stykke danmarkshistorie, Kulturhistoriskarkiv t\u00e6ller ca. 40.000 levnedsbeskrivelser fra danskere.<\/ul>\n<\/div>\n<h6>Herunder er der Levnedsbeskrivelser skrevet af personer med tilknytning til Vrensted.<\/h6>\n<h6>Klik p\u00e5 den historie du \u00f8nsker at l\u00e6se.<\/h6>\n<p>&nbsp;<\/p>\n<ul>\n<li><a href=\"https:\/\/vrensted-historier.dk\/44351-2\/jensotto\/\">Om mit liv \u2013 af l\u00e6ge J\u00f8rgen Schierup<\/a><\/li>\n<li><a href=\"https:\/\/vrensted-historier.dk\/en-fortaelling-om-murens-leo\/jensotto\/\">En fort\u00e6lling om Murens Leo<\/a><\/li>\n<li><a href=\"https:\/\/vrensted-historier.dk\/mit-liv-i-4-etaper\/jensotto\/\"><strong>Mit liv i 4 etaper &#8211; Solveig Skovrider Eriksen,(Rykind)<\/strong><\/a><\/li>\n<li><strong><a href=\"https:\/\/vrensted-historier.dk\/som-jeg-husker-det\/jensotto\/\">Som jeg husker det &#8211; Inger Marie Nielsen<\/a><\/strong><\/li>\n<li><strong><a href=\"https:\/\/vrensted-historier.dk\/bass-orla-fra-vrensted-faelled\/\"><strong>Orla Jensen &#8211; BaasOrla fra Vrenst<\/strong>ed F\u00e6lled<\/a><\/strong><\/li>\n<li><strong><a href=\"https:\/\/vrensted-historier.dk\/min-barndom-paa-kongsengene-i-vrensted\/\">Lisbeth Christensen &#8211; Min barndom p\u00e5 \u201cKongsengene\u201d i Vrensted <\/a><\/strong><\/li>\n<li><strong><a href=\"https:\/\/vrensted-historier.dk\/gaarden-oestergaard-pilgaardsvej-90-vrensted-og-familien-oestergaard\/\">G\u00e5rden \u201c\u00d8stergaard\u201d \u2013 Pilg\u00e5rdsvej 90, Vrensted og familien \u00d8stergaard<\/a><\/strong><\/li>\n<li><strong><a href=\"https:\/\/vrensted-historier.dk\/tre-generationer-paa-kaergaard-vrenstedvej-380-vrensted\/\">G\u00e5rden \u201cK\u00e6rg\u00e5rd\u201c &#8211; Tre generationer &#8211; Vrenstedvej 380, Vrensted<\/a><\/strong><\/li>\n<li><strong><a href=\"https:\/\/vrensted-historier.dk\/forhistorien-til-gaarden-drivsholm-i-vrensted-og-drivsholm-familien\/\">Forhistorien til g\u00e5rden \u201cDrivsholm\u201d<\/a><\/strong><\/li>\n<li><strong><a href=\"https:\/\/vrensted-historier.dk\/gaarden-drivsholm-og-familiehistorien\/\">G\u00e5rden \u201cDrivsholm\u201d og familiehistorien<\/a><\/strong><\/li>\n<li><strong><a href=\"https:\/\/vrensted-historier.dk\/gaarden-toftegaard-pilgaardsvej-195-og-familien-drivsholm-i-vrensted\/\">G\u00e5rden \u201cToftegaard\u201d, Pilg\u00e5rdsvej 195 og familien Drivsholm i Vrensted<\/a><\/strong><\/li>\n<li><strong><a href=\"https:\/\/vrensted-historier.dk\/gaarden-noergaard-i-aasendrup-historien\/\">G\u00e5rden \u201cN\u00f8rregaard\u201d i \u00c5sendrup \u2013 historien<\/a><\/strong><\/li>\n<li><strong><a href=\"https:\/\/vrensted-historier.dk\/kraemmergaard-aasendrup-historien-om-gaard-og-ejere\/\">G\u00e5rden \u201cKr\u00e6mmergaard\u201c, \u00c5sendrup \u2013 Historien om g\u00e5rd og ejere<\/a><\/strong><\/li>\n<li><strong><a href=\"https:\/\/vrensted-historier.dk\/slaegten-kristiansen-fra-vrensted-fra-ejendommen-paa-a-c-andersens-vej-32\/\">Sl\u00e6gten Kristiansen fra Vrensted <\/a><\/strong><\/li>\n<li><strong><a href=\"https:\/\/vrensted-historier.dk\/simon-thomsen-vrensted-kreaturhandler-direktoer-fortaeller-om-sit-liv-spaendende-liv\/\">Simon Thomsen &#8211; kreaturhandler Vrensted &#8211; et langt liv med dyr<\/a><\/strong><\/li>\n<li><strong><a href=\"https:\/\/vrensted-historier.dk\/povl-stevns-barn-under-besaettelsen-et-staevnemoede-med-barndoms-og-ungdomsaar\/\">Povl Stevns fhv. g\u00e5rdejer, f\u00f8dt i Vrensted Pr\u00e6steg\u00e5rd<\/a><\/strong><\/li>\n<li><strong><a href=\"https:\/\/vrensted-historier.dk\/fra-koebmands-kommis-til-chef-for-rigspolitichefens-kriminaltekniske-afdeling-for-nordjylland\/\">Ejnar Pedersen &#8211; Mit liv fra kommis til kriminalkommiss\u00e6r<\/a><\/strong><\/li>\n<li><strong><a href=\"https:\/\/vrensted-historier.dk\/helene-en-fortaelling-om-et-barn\/\">Helene &#8211; om et barn p\u00e5 Fattigg\u00e5rd&#8217;<\/a><\/strong><\/li>\n<li><strong><a href=\"http:\/\/vrensted-historier.dk\/?p=527\">P.M. S\u00f8rensen, L\u00e6ge i Vrensted -mit liv\u00a0<\/a><\/strong><\/li>\n<li><strong><a href=\"https:\/\/vrensted-historier.dk\/jens-otto-madsen-en-vrensted-dreng-aarg-1946\/\">Jens Otto Madsen \u2013 En Vrensted dreng, \u00e5rg 1946<\/a><\/strong><\/li>\n<li><strong><a href=\"http:\/\/vrensted-historier.dk\/?p=571\">Niels Christian Larsen, opvokset p\u00e5 B\u00e5dstedhede<\/a><\/strong><\/li>\n<li><strong><a href=\"https:\/\/vrensted-historier.dk\/35-aar-som-bankmand-jens-otto-madsen\/\">Jens Otto Madsen &#8211; 35 \u00e5r som bankmand<\/a><\/strong><\/li>\n<li><strong><a href=\"https:\/\/vrensted-historier.dk\/?p=523\">Else Aaris Hansen, Et liv som blind<\/a><\/strong><\/li>\n<li><strong><a href=\"https:\/\/vrensted-historier.dk\/vrensted-andelsmejeri-lykkens-proeve\/\">Niels Chr. S\u00f8ndergaard Jensen, USA<\/a><\/strong><\/li>\n<li><a href=\"https:\/\/vrensted-historier.dk\/fra-oesterheden-i-vrensted-m-m-en-spaendende-beretning\/jensotto\/\">Fra \u00d8sterheden i Vrensted m.m.-En sp\u00e6ndende beretning<\/a><\/li>\n<\/ul>\n<p>&nbsp;<\/p>\n","protected":false},"excerpt":{"rendered":"<p>&nbsp; Kongelig Ordenshistorigraf Knud J.V. Jespersen st\u00e5r med et stykke danmarkshistorie, Kulturhistoriskarkiv t\u00e6ller ca. 40.000 levnedsbeskrivelser fra danskere. Herunder er der Levnedsbeskrivelser skrevet af personer med tilknytning til Vrensted. Klik p\u00e5 den historie du \u00f8nsker at l\u00e6se. &nbsp; Om mit liv \u2013 af l\u00e6ge J\u00f8rgen Schierup En fort\u00e6lling om Murens Leo Mit liv i 4 &hellip; <a href=\"https:\/\/vrensted-historier.dk\/?page_id=1386\" class=\"more-link\">L\u00e6s videre<span class=\"screen-reader-text\"> &#8220;Levnedsbeskrivelser&#8221;<\/span><\/a><\/p>\n","protected":false},"author":1,"featured_media":0,"parent":0,"menu_order":0,"comment_status":"closed","ping_status":"closed","template":"","meta":{"footnotes":""},"class_list":["post-1386","page","type-page","status-publish","hentry"],"_links":{"self":[{"href":"https:\/\/vrensted-historier.dk\/index.php?rest_route=\/wp\/v2\/pages\/1386","targetHints":{"allow":["GET"]}}],"collection":[{"href":"https:\/\/vrensted-historier.dk\/index.php?rest_route=\/wp\/v2\/pages"}],"about":[{"href":"https:\/\/vrensted-historier.dk\/index.php?rest_route=\/wp\/v2\/types\/page"}],"author":[{"embeddable":true,"href":"https:\/\/vrensted-historier.dk\/index.php?rest_route=\/wp\/v2\/users\/1"}],"replies":[{"embeddable":true,"href":"https:\/\/vrensted-historier.dk\/index.php?rest_route=%2Fwp%2Fv2%2Fcomments&post=1386"}],"version-history":[{"count":93,"href":"https:\/\/vrensted-historier.dk\/index.php?rest_route=\/wp\/v2\/pages\/1386\/revisions"}],"predecessor-version":[{"id":44364,"href":"https:\/\/vrensted-historier.dk\/index.php?rest_route=\/wp\/v2\/pages\/1386\/revisions\/44364"}],"wp:attachment":[{"href":"https:\/\/vrensted-historier.dk\/index.php?rest_route=%2Fwp%2Fv2%2Fmedia&parent=1386"}],"curies":[{"name":"wp","href":"https:\/\/api.w.org\/{rel}","templated":true}]}}