{"id":1377,"date":"2018-08-18T07:40:26","date_gmt":"2018-08-18T07:40:26","guid":{"rendered":"http:\/\/vrensted-historier.dk\/?page_id=1377"},"modified":"2023-03-22T01:07:03","modified_gmt":"2023-03-22T00:07:03","slug":"skoler-i-vrensted-sogn","status":"publish","type":"page","link":"https:\/\/vrensted-historier.dk\/?page_id=1377","title":{"rendered":"Skoler i Vrensted Sogn m.m."},"content":{"rendered":"<figure id=\"attachment_2042\" aria-describedby=\"caption-attachment-2042\" style=\"width: 300px\" class=\"wp-caption alignnone\"><img loading=\"lazy\" decoding=\"async\" class=\"wp-image-2042 size-medium\" src=\"https:\/\/vrensted-historier.dk\/wp-content\/uploads\/2018\/08\/vrensted-skole-300x130.jpg\" alt=\"\" width=\"300\" height=\"130\" srcset=\"https:\/\/vrensted-historier.dk\/wp-content\/uploads\/2018\/08\/vrensted-skole-300x130.jpg 300w, https:\/\/vrensted-historier.dk\/wp-content\/uploads\/2018\/08\/vrensted-skole.jpg 341w\" sizes=\"auto, (max-width: 300px) 85vw, 300px\" \/><figcaption id=\"caption-attachment-2042\" class=\"wp-caption-text\">Vrensted Skole som nu er nedlagt og ombygget til Byens Hus for sognets beboere. Hermed ingen skoler i Vrensted.<\/figcaption><\/figure>\n<h6>Klik p\u00e5 den historie p\u00e5 \u00f8nsker at l\u00e6se<\/h6>\n<ul>\n<li><a href=\"https:\/\/vrensted-historier.dk\/den-nye-skole-i-vrensted-under-opfoerelse-i-1958\/jensotto\/\"><strong>Den nye skole i Vrensted under opf\u00f8relse i 1958<\/strong><\/a><\/li>\n<li><a href=\"https:\/\/vrensted-historier.dk\/den-nye-skole-i-vrensted-indvies-august-1959\/jensotto\/\"><strong>Den nye skole i Vrensted indvies august 1959<\/strong><\/a><\/li>\n<li><strong><a href=\"https:\/\/vrensted-historier.dk\/billeder-fra-skolerne-i-vrensted-sogn\/\">Skolebilleder fra Skoler i Vrensted sogn<\/a><\/strong><\/li>\n<li><strong><a href=\"https:\/\/vrensted-historier.dk\/skoler-i-vrensted-sogn-gennem-tiderne\/\">Skoler i Vrensted sogn gennem tiderne<\/a><\/strong><\/li>\n<li><strong><a href=\"http:\/\/vrensted-historier.dk\/?p=328\">Et strejftog gennem Vrensted sogns skolehistorie<\/a><\/strong><\/li>\n<li><strong><a href=\"http:\/\/vrensted-historier.dk\/?p=335\">Skoleledere ved Vrensted skole<\/a><\/strong><\/li>\n<li><strong><a href=\"https:\/\/vrensted-historier.dk\/?p=29626&amp;preview=true\">Anton Jensen, F\u00f8rstel\u00e6rer Vrensted Byskole<\/a><\/strong><\/li>\n<li><a href=\"https:\/\/vrensted-historier.dk\/vrensted-byskole-og-foerstelaereren\/\"><strong>Elith Madsen, <\/strong><\/a><strong><a href=\"https:\/\/vrensted-historier.dk\/vrensted-byskole-og-foerstelaereren\/\">F\u00f8rstel\u00e6rer\/skoleinspekt\u00f8r, Byskolen og den nye skole, fra 1944-1974<\/a><\/strong><\/li>\n<li><strong><a href=\"https:\/\/vrensted-historier.dk\/jens-andresen-tidligere-skoleinspektoer-i-vrensted\/\">Jens Andresen &#8211; skoleinspekt\u00f8r fra 1974-1997<\/a><\/strong><\/li>\n<\/ul>\n","protected":false},"excerpt":{"rendered":"<p>Klik p\u00e5 den historie p\u00e5 \u00f8nsker at l\u00e6se Den nye skole i Vrensted under opf\u00f8relse i 1958 Den nye skole i Vrensted indvies august 1959 Skolebilleder fra Skoler i Vrensted sogn Skoler i Vrensted sogn gennem tiderne Et strejftog gennem Vrensted sogns skolehistorie Skoleledere ved Vrensted skole Anton Jensen, F\u00f8rstel\u00e6rer Vrensted Byskole Elith Madsen, F\u00f8rstel\u00e6rer\/skoleinspekt\u00f8r, &hellip; <a href=\"https:\/\/vrensted-historier.dk\/?page_id=1377\" class=\"more-link\">L\u00e6s videre<span class=\"screen-reader-text\"> &#8220;Skoler i Vrensted Sogn m.m.&#8221;<\/span><\/a><\/p>\n","protected":false},"author":1,"featured_media":0,"parent":0,"menu_order":0,"comment_status":"closed","ping_status":"closed","template":"","meta":{"footnotes":""},"class_list":["post-1377","page","type-page","status-publish","hentry"],"_links":{"self":[{"href":"https:\/\/vrensted-historier.dk\/index.php?rest_route=\/wp\/v2\/pages\/1377","targetHints":{"allow":["GET"]}}],"collection":[{"href":"https:\/\/vrensted-historier.dk\/index.php?rest_route=\/wp\/v2\/pages"}],"about":[{"href":"https:\/\/vrensted-historier.dk\/index.php?rest_route=\/wp\/v2\/types\/page"}],"author":[{"embeddable":true,"href":"https:\/\/vrensted-historier.dk\/index.php?rest_route=\/wp\/v2\/users\/1"}],"replies":[{"embeddable":true,"href":"https:\/\/vrensted-historier.dk\/index.php?rest_route=%2Fwp%2Fv2%2Fcomments&post=1377"}],"version-history":[{"count":50,"href":"https:\/\/vrensted-historier.dk\/index.php?rest_route=\/wp\/v2\/pages\/1377\/revisions"}],"predecessor-version":[{"id":43682,"href":"https:\/\/vrensted-historier.dk\/index.php?rest_route=\/wp\/v2\/pages\/1377\/revisions\/43682"}],"wp:attachment":[{"href":"https:\/\/vrensted-historier.dk\/index.php?rest_route=%2Fwp%2Fv2%2Fmedia&parent=1377"}],"curies":[{"name":"wp","href":"https:\/\/api.w.org\/{rel}","templated":true}]}}