{"id":1364,"date":"2018-08-18T07:25:18","date_gmt":"2018-08-18T07:25:18","guid":{"rendered":"http:\/\/vrensted-historier.dk\/?page_id=1364"},"modified":"2023-02-28T16:21:51","modified_gmt":"2023-02-28T15:21:51","slug":"kirke-og-sognepraester-m-m","status":"publish","type":"page","link":"https:\/\/vrensted-historier.dk\/?page_id=1364","title":{"rendered":"Kirke og sognepr\u00e6ster m.m."},"content":{"rendered":"<p style=\"text-align: center;\"><img loading=\"lazy\" decoding=\"async\" class=\"size-medium wp-image-1661 aligncenter\" style=\"font-weight: bold; color: #666666; font-size: 0.8125rem; font-style: italic;\" src=\"http:\/\/vrensted-historier.dk\/wp-content\/uploads\/2018\/08\/IMG_0594-300x215.jpg\" alt=\"\" width=\"300\" height=\"215\" srcset=\"https:\/\/vrensted-historier.dk\/wp-content\/uploads\/2018\/08\/IMG_0594-300x215.jpg 300w, https:\/\/vrensted-historier.dk\/wp-content\/uploads\/2018\/08\/IMG_0594.jpg 550w\" sizes=\"auto, (max-width: 300px) 85vw, 300px\" \/><\/p>\n<h3><em>Pr\u00e6ster ved Vrensted Kirke<\/em> &#8211;<\/h3>\n<h6><strong>Historier om pr\u00e6ster st\u00e5r nederst<\/strong><\/h6>\n<p><strong>nr. 1 fra \u00e5r 1545 Laurids Jensen<\/strong><\/p>\n<p><strong>nr. 2 fra \u00e5r 1568 Jens Christensen<\/strong><\/p>\n<p><strong>nr. 3 \u00a0fra \u00e5r ? ? \u00a0Jens Lauridsen Krag<\/strong><\/p>\n<p><strong>nr. 4 fra \u00e5r 1594 Christen Jensen<\/strong><\/p>\n<p><strong>nr. 5 fra \u00e5r 1648 Melchior Evertsen Meier<\/strong><\/p>\n<p><strong>nr. 6 fra \u00e5r 1655 Oluf Kraf Jensen Holmbo<\/strong><\/p>\n<p><strong>nr. 7 fra \u00e5r 1677 Aug. Frans Lauridsen Hjort<\/strong><\/p>\n<p><strong>nr. 8 fra \u00e5r 1708 Ejler Christian Dyssel<\/strong><\/p>\n<p><strong>nr. 9 fra \u00e5r. 1729 Anders Rasmussen Carlsen<\/strong><\/p>\n<p><strong>nr. 10 fra \u00e5r 1767 Johannes (Dionysius) Dines Carlsen<\/strong><\/p>\n<p><strong>nr. 11 fra \u00e5r 1783 Axel Rosenkrantz Segelcke<\/strong><\/p>\n<p><strong>nr. 12 fra \u00e5r 1826 Ole S\u00f8rense<\/strong><\/p>\n<p><strong>nr. 13 fra \u00e5r 1834 Hans Christian Ingerslev<\/strong><\/p>\n<p><strong>nr. 14 fra \u00e5r 1852 Frederik Nicolai Michelsen<\/strong><\/p>\n<p><strong>nr. 15 fra \u00e5r 1861 Peder Pedersen<\/strong><\/p>\n<p><strong>nr. 16 fra \u00e5r 1862 Hans J\u00f8rgen Hansen<\/strong><\/p>\n<p><strong>nr. 17 fra \u00e5r 1873 Conrad Frederik Erik Lehn<\/strong><\/p>\n<p><strong>nr. 18 fra \u00e5r 1883 Adolf Frederik Pommerencke<\/strong><\/p>\n<p><strong>nr. 19 fra \u00e5r 1900 Rasmus Anthon Dahl<\/strong><\/p>\n<p><strong>nr. 20 fra \u00e5r 1909 Julianus Hastrup Plesner<\/strong><\/p>\n<p><strong>nr. 21 fra \u00e5r 1930 Aage Stevns<\/strong><\/p>\n<p><strong>nr. 22 fra \u00e5r 1953 S\u00f8ren Otto Mikkelsen<\/strong><\/p>\n<p><strong>nr. fra 23 \u00e5r 1993 Arne Holst Larsen<\/strong><\/p>\n<p><strong>nr. 24 fra \u00e5r 2005 Lisbeth Baggesen<\/strong><\/p>\n<p><strong>nr. 25 fra \u00e5r 2010 Karsten Erbs<\/strong><\/p>\n<p><strong>nr. 26 fra \u00e5r 2016 Anna Margrethe \u00d8stergaard D Saxild<\/strong><\/p>\n<p><strong>nr. 27 fra \u00e5r 2021 Gitte Lykke Andersen<\/strong><\/p>\n<figure id=\"attachment_9639\" class=\"wp-caption alignnone\"><figcaption class=\"wp-caption-text\"><\/figcaption><\/figure>\n<p><strong>Vrensted kirke &#8220;Sct. Th\u00f8ger&#8221;<\/strong><strong>Klik p\u00e5 den historie du \u00f8nsker at l\u00e6se<\/strong><\/p>\n<ul>\n<li><a href=\"https:\/\/vrensted-historier.dk\/2021-vrensted-fik-ny-praest-i-praestegaarden\/jensotto\/\">2021 \u2013 Vrensted fik ny pr\u00e6st i pr\u00e6steg\u00e5rden-Gitte Lykke<\/a><\/li>\n<li><a href=\"https:\/\/vrensted-historier.dk\/2019-sognepraest-anna-margrethe-saxild-stopper\/jensotto\/\">2016-2019 Sognepr\u00e6st Anna Margrethe Saxild\u00a0<\/a><\/li>\n<li><a href=\"https:\/\/vrensted-historier.dk\/ude-og-hjemme-set-i-karsten-erbs-optik\/jensotto\/\">2010-2015\u00a0 Ude og hjemme af pr\u00e6st Karsten Erbs\u00a0<\/a><\/li>\n<li><a href=\"https:\/\/vrensted-historier.dk\/praesten-der-ikke-kunne-vaere-i-fred-i-vrensted-praestegaard\/jensotto\/\">2005-2008 Lisbeth Baggesen &#8211; Pr\u00e6sten der ikke kunne v\u00e6re i fred\u00a0<\/a><\/li>\n<li><a href=\"https:\/\/vrensted-historier.dk\/man-er-ikke-praest-det-bliver-man-arne-holst-larsen\/jensotto\/\">1993-2005 Man er ikke pr\u00e6st \u2013 det bliver man, Arne Holst Larsen<\/a><\/li>\n<li><a href=\"https:\/\/vrensted-historier.dk\/vrensteds-praest-otto-mikkelsen-stopper-efter-40-aar\/\">1953-1993 Otto Mikkelsen, \u00a0Vrensteds Pr\u00e6st\u00a0<\/a><\/li>\n<li><a href=\"https:\/\/vrensted-historier.dk\/provst-aage-stevns-vrensteds-praest-gennem-22-aar\/\">1928-1953 Provst \u00c5ge Stevns, Vrensteds pr\u00e6st<\/a><\/li>\n<li><a href=\"https:\/\/vrensted-historier.dk\/vrensteds-praest-pastor-plesner-1908-1928\/\">1908-1928 Pastor Plesner,Vrensteds Pr\u00e6st\u00a0<\/a><\/li>\n<li><\/li>\n<li><a href=\"https:\/\/vrensted-historier.dk\/?p=33333&amp;preview=true\">Vrensted omkring kirken<\/a><\/li>\n<li><a href=\"https:\/\/vrensted-historier.dk\/en-hilsen-til-praesten-ved-vrensted-kirke\/\">En hilsen til Pr\u00e6sten ved Vrensted Kirke<\/a><\/li>\n<li><a href=\"https:\/\/vrensted-historier.dk\/menighedsraadet-skriver-om-genaabningen-af-vrensted-kirke-nov-2019\/\"><b>Vrensted Kirkes menighedsr\u00e5d skriver om gen\u00e5bningen af Vrensted Kirke nov. 2019<\/b><\/a><\/li>\n<li><strong><a href=\"https:\/\/vrensted-historier.dk\/vrensted-kirkes-orgel-historien-om-orglet-i-1939-og-2019\/\">Vrensted Kirkes orgel \u2013 Historien om orglet fra 1939 og det nye fra 2019<\/a><\/strong><\/li>\n<li><strong><a href=\"http:\/\/www.p-lindstroem.dk\/vrensted\/vrenstedindex.html\">Gravsten Vrensted Kirkeg\u00e5rd<\/a><\/strong><\/li>\n<li><strong><a href=\"https:\/\/vrensted-historier.dk\/de-6-faste-gravsten-langs-sct-thoegers-sydmur-vrensted-kirke\/\">De 6 faste gravsten ved Vrensted Kirkes sydmur<\/a><\/strong><\/li>\n<li><strong><a href=\"https:\/\/vrensted-historier.dk\/gravstedet-paa-vrensted-kirkegaard\/\">&#8220;Gravstedet&#8221; \u00a0provst Aage Stevns og Inger Stevns, vest for V\u00e5benhuset<\/a><\/strong><\/li>\n<li><strong><a href=\"http:\/\/vrensted-historier.dk\/?p=341\">Vrensted Kirke &#8220;Sct. Th\u00f8ger&#8221;<\/a><\/strong><\/li>\n<li><strong><a href=\"http:\/\/vrensted-historier.dk\/?p=360\">Sct. Th\u00f8gers Kilde, Vrensted<\/a><\/strong><\/li>\n<li><strong><a href=\"http:\/\/vrensted-historier.dk\/?p=356\">Kirkedammen, Vrensted<\/a><\/strong><\/li>\n<li><strong><a href=\"http:\/\/vrensted-historier.dk\/?p=367\">Om Vrensted Kirke v\/ sognepr\u00e6st Otto Mikkelsen<\/a><\/strong><\/li>\n<li><strong><a href=\"http:\/\/vrensted-historier.dk\/?p=344\">Sognepr\u00e6ster ved Vrensted Kirke<\/a><\/strong><\/li>\n<li><strong><a href=\"http:\/\/vrensted-historier.dk\/?p=353\">&#8220;Th\u00f8gerslund&#8221; ogs\u00e5 kaldet pr\u00e6stens plantage<\/a><\/strong><\/li>\n<li><strong><a href=\"https:\/\/vrensted-historier.dk\/?p=3301\">Gisninger om jordtilliggender til Vrensted Pr\u00e6steg\u00e5rd<\/a><\/strong><\/li>\n<li><strong><a href=\"https:\/\/vrensted-historier.dk\/vrensted-praestegaard\/\">Vrensted Pr\u00e6steg\u00e5rd<\/a><\/strong><\/li>\n<li><a href=\"https:\/\/vrensted-historier.dk\/21312-2\/\"><b>Niels Christian Gade \u2013 Skomager \u2013 og Ringer og Graver ved Vrensted Kirke<\/b><\/a><\/li>\n<\/ul>\n<p><img loading=\"lazy\" decoding=\"async\" class=\"alignnone size-medium wp-image-42014\" src=\"https:\/\/vrensted-historier.dk\/wp-content\/uploads\/2022\/11\/54144C7A-B37B-49B9-8B4C-778AAC58239C-600x450.jpeg\" alt=\"\" width=\"600\" height=\"450\" srcset=\"https:\/\/vrensted-historier.dk\/wp-content\/uploads\/2022\/11\/54144C7A-B37B-49B9-8B4C-778AAC58239C-600x450.jpeg 600w, https:\/\/vrensted-historier.dk\/wp-content\/uploads\/2022\/11\/54144C7A-B37B-49B9-8B4C-778AAC58239C-1500x1125.jpeg 1500w, https:\/\/vrensted-historier.dk\/wp-content\/uploads\/2022\/11\/54144C7A-B37B-49B9-8B4C-778AAC58239C-300x225.jpeg 300w, https:\/\/vrensted-historier.dk\/wp-content\/uploads\/2022\/11\/54144C7A-B37B-49B9-8B4C-778AAC58239C-768x576.jpeg 768w, https:\/\/vrensted-historier.dk\/wp-content\/uploads\/2022\/11\/54144C7A-B37B-49B9-8B4C-778AAC58239C-1536x1152.jpeg 1536w, https:\/\/vrensted-historier.dk\/wp-content\/uploads\/2022\/11\/54144C7A-B37B-49B9-8B4C-778AAC58239C-1200x900.jpeg 1200w, https:\/\/vrensted-historier.dk\/wp-content\/uploads\/2022\/11\/54144C7A-B37B-49B9-8B4C-778AAC58239C.jpeg 2048w\" sizes=\"auto, (max-width: 600px) 85vw, 600px\" \/><\/p>\n","protected":false},"excerpt":{"rendered":"<p>Pr\u00e6ster ved Vrensted Kirke &#8211; Historier om pr\u00e6ster st\u00e5r nederst nr. 1 fra \u00e5r 1545 Laurids Jensen nr. 2 fra \u00e5r 1568 Jens Christensen nr. 3 \u00a0fra \u00e5r ? ? \u00a0Jens Lauridsen Krag nr. 4 fra \u00e5r 1594 Christen Jensen nr. 5 fra \u00e5r 1648 Melchior Evertsen Meier nr. 6 fra \u00e5r 1655 Oluf Kraf &hellip; <a href=\"https:\/\/vrensted-historier.dk\/?page_id=1364\" class=\"more-link\">L\u00e6s videre<span class=\"screen-reader-text\"> &#8220;Kirke og sognepr\u00e6ster m.m.&#8221;<\/span><\/a><\/p>\n","protected":false},"author":1,"featured_media":0,"parent":0,"menu_order":0,"comment_status":"closed","ping_status":"closed","template":"","meta":{"footnotes":""},"class_list":["post-1364","page","type-page","status-publish","hentry"],"_links":{"self":[{"href":"https:\/\/vrensted-historier.dk\/index.php?rest_route=\/wp\/v2\/pages\/1364","targetHints":{"allow":["GET"]}}],"collection":[{"href":"https:\/\/vrensted-historier.dk\/index.php?rest_route=\/wp\/v2\/pages"}],"about":[{"href":"https:\/\/vrensted-historier.dk\/index.php?rest_route=\/wp\/v2\/types\/page"}],"author":[{"embeddable":true,"href":"https:\/\/vrensted-historier.dk\/index.php?rest_route=\/wp\/v2\/users\/1"}],"replies":[{"embeddable":true,"href":"https:\/\/vrensted-historier.dk\/index.php?rest_route=%2Fwp%2Fv2%2Fcomments&post=1364"}],"version-history":[{"count":75,"href":"https:\/\/vrensted-historier.dk\/index.php?rest_route=\/wp\/v2\/pages\/1364\/revisions"}],"predecessor-version":[{"id":43439,"href":"https:\/\/vrensted-historier.dk\/index.php?rest_route=\/wp\/v2\/pages\/1364\/revisions\/43439"}],"wp:attachment":[{"href":"https:\/\/vrensted-historier.dk\/index.php?rest_route=%2Fwp%2Fv2%2Fmedia&parent=1364"}],"curies":[{"name":"wp","href":"https:\/\/api.w.org\/{rel}","templated":true}]}}