{"id":11984,"date":"2019-05-17T01:09:10","date_gmt":"2019-05-17T01:09:10","guid":{"rendered":"https:\/\/vrensted-historier.dk\/?page_id=11984"},"modified":"2023-02-27T14:54:15","modified_gmt":"2023-02-27T13:54:15","slug":"gamle-vrensted-billeder-oversigt","status":"publish","type":"page","link":"https:\/\/vrensted-historier.dk\/?page_id=11984","title":{"rendered":"Billeder fra Vrensted"},"content":{"rendered":"<p style=\"text-align: left;\"><img loading=\"lazy\" decoding=\"async\" class=\"wp-image-37680 aligncenter\" src=\"https:\/\/vrensted-historier.dk\/wp-content\/uploads\/2022\/09\/8FC55598-7841-40FD-A4D0-813E33E59545-600x330-1.jpeg\" alt=\"\" width=\"202\" height=\"111\" srcset=\"https:\/\/vrensted-historier.dk\/wp-content\/uploads\/2022\/09\/8FC55598-7841-40FD-A4D0-813E33E59545-600x330-1.jpeg 600w, https:\/\/vrensted-historier.dk\/wp-content\/uploads\/2022\/09\/8FC55598-7841-40FD-A4D0-813E33E59545-600x330-1-300x165.jpeg 300w\" sizes=\"auto, (max-width: 202px) 85vw, 202px\" \/> <img loading=\"lazy\" decoding=\"async\" class=\"alignnone wp-image-37682\" src=\"https:\/\/vrensted-historier.dk\/wp-content\/uploads\/2022\/09\/1BE22EBB-D490-4730-B58A-43733D154DEE-600x248-1.jpeg\" alt=\"\" width=\"252\" height=\"104\" srcset=\"https:\/\/vrensted-historier.dk\/wp-content\/uploads\/2022\/09\/1BE22EBB-D490-4730-B58A-43733D154DEE-600x248-1.jpeg 600w, https:\/\/vrensted-historier.dk\/wp-content\/uploads\/2022\/09\/1BE22EBB-D490-4730-B58A-43733D154DEE-600x248-1-300x124.jpeg 300w\" sizes=\"auto, (max-width: 252px) 85vw, 252px\" \/><em>Kirken og Kirkedammen\u00a0\u00a0<\/em><\/p>\n<p><img loading=\"lazy\" decoding=\"async\" class=\"wp-image-37681 aligncenter\" src=\"https:\/\/vrensted-historier.dk\/wp-content\/uploads\/2022\/09\/C9A828B1-9ABC-4C85-A4D7-9C8D4C44FAB5-600x494-1.jpeg\" alt=\"\" width=\"123\" height=\"101\" srcset=\"https:\/\/vrensted-historier.dk\/wp-content\/uploads\/2022\/09\/C9A828B1-9ABC-4C85-A4D7-9C8D4C44FAB5-600x494-1.jpeg 600w, https:\/\/vrensted-historier.dk\/wp-content\/uploads\/2022\/09\/C9A828B1-9ABC-4C85-A4D7-9C8D4C44FAB5-600x494-1-300x247.jpeg 300w\" sizes=\"auto, (max-width: 123px) 85vw, 123px\" \/><\/p>\n<ul>\n<li><strong><a href=\"https:\/\/vrensted-historier.dk\/huse-fra-vrensted-by\/\">Fotograferede &#8211; Huse fra Vrensted by i 2020<\/a><\/strong><\/li>\n<li><\/li>\n<li><strong><a href=\"https:\/\/vrensted-historier.dk\/ejendomme-og-huse-omkring-vrensted-fra-en-memory-lane-tur\/\">Fotograferede &#8211; Landejendomme og huse omkring Vrensted by i 2020\u00a0<\/a><\/strong><\/li>\n<li><\/li>\n<li><strong><a href=\"https:\/\/vrensted-historier.dk\/vrensted-idraetsforening-v-i-af-1937-billeder-m-m\/\">Vrensted Idr\u00e6tsforening\u00a0 &#8211; VI af 1937 &#8211; billeder<\/a><\/strong><\/li>\n<li><\/li>\n<li><a href=\"https:\/\/vrensted-historier.dk\/?p=27127&amp;preview=true\">Gamle og nye Vrensted billeder<\/a><\/li>\n<li><\/li>\n<li><\/li>\n<li><a href=\"https:\/\/vrensted-historier.dk\/spejdere-i-vrensted\/jensotto\/\">Spejdere i Vrensted<\/a><\/li>\n<li><strong><a href=\"https:\/\/vrensted-historier.dk\/skolebilleder-fra-skoler-i-vrensted-sogb\/\">Skolebilleder fra Vrensteds skoler<\/a><\/strong><\/li>\n<li><strong><a href=\"https:\/\/vrensted-historier.dk\/konfirmand-billeder-fra-vrensted\/\">Konfirmandbilleder &#8211; Vrensted<\/a><\/strong><\/li>\n<li><strong><a href=\"https:\/\/vrensted-historier.dk\/en-bryllupsfest-for-mere-end-50-aar-siden\/\">En bryllupsfest for mere end 50 \u00e5r siden<\/a><\/strong><\/li>\n<li><strong><a href=\"https:\/\/vrensted-historier.dk\/thyge-og-hans-hjemmelavede-traktor\/\">Thyge fra Nyhavn og en hjemmelavet traktor<\/a><\/strong><\/li>\n<li><strong><a href=\"https:\/\/vrensted-historier.dk\/der-kaldes-til-gilde-i-forsamlingshuset\/\">Der kaldes til gilde i Forsamlingshuset<\/a><\/strong><\/li>\n<li><strong><a href=\"https:\/\/vrensted-historier.dk\/en-50-aars-foedselsdag-gaester-er-hele-sognet\/\">En 50 \u00e5rs f\u00f8dselsdag og et s\u00f8lvbryllup \u2013 g\u00e6ster er n\u00e6sten hele sognet<\/a><\/strong><\/li>\n<li><strong><a href=\"https:\/\/vrensted-historier.dk\/charles-jensen-maskinstation-og-billeder\/\">Billeder fra Nyhavn og Charles Jensen Maskinstation<\/a><\/strong><\/li>\n<li><strong><a href=\"https:\/\/vrensted-historier.dk\/baadstedhede-billeder-fra-tut-peters-ole\/\">B\u00e5dstedhede billeder fra \u201cTut Peters\u201d Ole m .fl.<\/a><\/strong><\/li>\n<li><strong><a href=\"https:\/\/vrensted-historier.dk\/nostalgi-billeder-fra-en-konfirmationsfest-i-vrensted-27-03-1960\/\">Konfirmationsfest i Vrensted 27.03.1960<\/a><\/strong><\/li>\n<li><\/li>\n<\/ul>\n<p><img loading=\"lazy\" decoding=\"async\" class=\"alignnone size-medium wp-image-33272\" src=\"https:\/\/vrensted-historier.dk\/wp-content\/uploads\/2020\/12\/F5ACB87F-FFA4-422E-A43F-5A17E9F6BE18-534x600.jpeg\" alt=\"\" width=\"534\" height=\"600\" srcset=\"https:\/\/vrensted-historier.dk\/wp-content\/uploads\/2020\/12\/F5ACB87F-FFA4-422E-A43F-5A17E9F6BE18-534x600.jpeg 534w, https:\/\/vrensted-historier.dk\/wp-content\/uploads\/2020\/12\/F5ACB87F-FFA4-422E-A43F-5A17E9F6BE18-1334x1500.jpeg 1334w, https:\/\/vrensted-historier.dk\/wp-content\/uploads\/2020\/12\/F5ACB87F-FFA4-422E-A43F-5A17E9F6BE18-267x300.jpeg 267w, https:\/\/vrensted-historier.dk\/wp-content\/uploads\/2020\/12\/F5ACB87F-FFA4-422E-A43F-5A17E9F6BE18-768x863.jpeg 768w, https:\/\/vrensted-historier.dk\/wp-content\/uploads\/2020\/12\/F5ACB87F-FFA4-422E-A43F-5A17E9F6BE18-1366x1536.jpeg 1366w, https:\/\/vrensted-historier.dk\/wp-content\/uploads\/2020\/12\/F5ACB87F-FFA4-422E-A43F-5A17E9F6BE18-1200x1349.jpeg 1200w, https:\/\/vrensted-historier.dk\/wp-content\/uploads\/2020\/12\/F5ACB87F-FFA4-422E-A43F-5A17E9F6BE18.jpeg 1497w\" sizes=\"auto, (max-width: 534px) 85vw, 534px\" \/><\/p>\n<p>&nbsp;<\/p>\n","protected":false},"excerpt":{"rendered":"<p>Kirken og Kirkedammen\u00a0\u00a0 Fotograferede &#8211; Huse fra Vrensted by i 2020 Fotograferede &#8211; Landejendomme og huse omkring Vrensted by i 2020\u00a0 Vrensted Idr\u00e6tsforening\u00a0 &#8211; VI af 1937 &#8211; billeder Gamle og nye Vrensted billeder Spejdere i Vrensted Skolebilleder fra Vrensteds skoler Konfirmandbilleder &#8211; Vrensted En bryllupsfest for mere end 50 \u00e5r siden Thyge fra Nyhavn &hellip; <a href=\"https:\/\/vrensted-historier.dk\/?page_id=11984\" class=\"more-link\">L\u00e6s videre<span class=\"screen-reader-text\"> &#8220;Billeder fra Vrensted&#8221;<\/span><\/a><\/p>\n","protected":false},"author":1,"featured_media":0,"parent":0,"menu_order":0,"comment_status":"closed","ping_status":"closed","template":"","meta":{"footnotes":""},"class_list":["post-11984","page","type-page","status-publish","hentry"],"_links":{"self":[{"href":"https:\/\/vrensted-historier.dk\/index.php?rest_route=\/wp\/v2\/pages\/11984","targetHints":{"allow":["GET"]}}],"collection":[{"href":"https:\/\/vrensted-historier.dk\/index.php?rest_route=\/wp\/v2\/pages"}],"about":[{"href":"https:\/\/vrensted-historier.dk\/index.php?rest_route=\/wp\/v2\/types\/page"}],"author":[{"embeddable":true,"href":"https:\/\/vrensted-historier.dk\/index.php?rest_route=\/wp\/v2\/users\/1"}],"replies":[{"embeddable":true,"href":"https:\/\/vrensted-historier.dk\/index.php?rest_route=%2Fwp%2Fv2%2Fcomments&post=11984"}],"version-history":[{"count":118,"href":"https:\/\/vrensted-historier.dk\/index.php?rest_route=\/wp\/v2\/pages\/11984\/revisions"}],"predecessor-version":[{"id":42439,"href":"https:\/\/vrensted-historier.dk\/index.php?rest_route=\/wp\/v2\/pages\/11984\/revisions\/42439"}],"wp:attachment":[{"href":"https:\/\/vrensted-historier.dk\/index.php?rest_route=%2Fwp%2Fv2%2Fmedia&parent=11984"}],"curies":[{"name":"wp","href":"https:\/\/api.w.org\/{rel}","templated":true}]}}